{"id":79,"date":"2024-06-10T22:55:24","date_gmt":"2024-06-10T22:55:24","guid":{"rendered":"https:\/\/catero.esai.sv\/?page_id=79"},"modified":"2024-08-01T03:22:18","modified_gmt":"2024-08-01T03:22:18","slug":"sobre-nosotros","status":"publish","type":"page","link":"https:\/\/catero.esai.sv\/index.php\/sobre-nosotros\/","title":{"rendered":"Sobre Nosotros"},"content":{"rendered":"\n<div class=\"wp-block-stackable-heading alignfull stk-block-heading stk-block-heading--v2 stk-block stk-ada1ee0 stk-block-background stk--has-background-overlay\" id=\"sobre-nosotros\" data-block-id=\"ada1ee0\"><style>.stk-ada1ee0{background-color:radial-gradient(circle 248px at center,#16d9e3 0%,#30c7ec 47%,#46aef7 100%) !important;min-height:200px !important;align-items:flex-end !important;display:flex !important}.stk-ada1ee0:before{background-image:radial-gradient(circle 248px at center,#16d9e3 0%,#30c7ec 47%,#46aef7 100%) !important}<\/style><h1 class=\"stk-block-heading__text has-text-align-center\">Sobre Nosotros<\/h1><\/div>\n\n\n\n<figure class=\"wp-block-image alignfull size-full\"><img loading=\"lazy\" decoding=\"async\" width=\"859\" height=\"269\" src=\"https:\/\/catero.esai.sv\/wp-content\/uploads\/2024\/06\/Captura-de-pantalla-2024-06-10-142307.png\" alt=\"\" class=\"wp-image-9\" srcset=\"https:\/\/catero.esai.sv\/wp-content\/uploads\/2024\/06\/Captura-de-pantalla-2024-06-10-142307.png 859w, https:\/\/catero.esai.sv\/wp-content\/uploads\/2024\/06\/Captura-de-pantalla-2024-06-10-142307-300x94.png 300w, https:\/\/catero.esai.sv\/wp-content\/uploads\/2024\/06\/Captura-de-pantalla-2024-06-10-142307-768x241.png 768w\" sizes=\"auto, (max-width: 859px) 100vw, 859px\" \/><\/figure>\n\n\n\n<p class=\"has-text-align-center has-black-color has-text-color has-link-color has-large-font-size wp-elements-7c6864f4b1b44ef871eb5ff80c2e0a28\">CATERO es el principal cl\u00faster de innovaci\u00f3n tecnol\u00f3gica \u00fanico en su rubro, destac\u00e1ndose por sus est\u00e1ndares de clase mundial. Este centro de excelencia se especializa en una amplia variedad de \u00e1reas tecnol\u00f3gicas a trav\u00e9s de sus diferentes Directorados y Recursos Oficiales, ofreciendo programas educativos de vanguardia y entrenamientos especializados dise\u00f1ados para satisfacer las necesidades de profesionales y empresas en un entorno global competitivo. Su enfoque principal es la especializaci\u00f3n en nuevas tecnolog\u00edas, abarcando desde la inteligencia artificial y el aprendizaje autom\u00e1tico hasta la Internet de las Cosas (IoT) y la tecnolog\u00eda aeroespacial.<\/p>\n\n\n\n<p class=\"has-text-align-center has-black-color has-text-color has-link-color has-large-font-size wp-elements-c47587eebf1a57d2bd34bb1607ab0d78\">El compromiso de CATERO no solo se limita a la innovaci\u00f3n y el desarrollo tecnol\u00f3gico, sino que tambi\u00e9n incluye la promoci\u00f3n, estimulaci\u00f3n y desarrollo del conocimiento cient\u00edfico y tecnol\u00f3gico. Su objetivo es facilitar la transferencia de este conocimiento al tejido productivo de las econom\u00edas alrededor del mundo, impulsando la competitividad y el crecimiento econ\u00f3mico a nivel global. Mediante la colaboraci\u00f3n con instituciones acad\u00e9micas, empresas l\u00edderes y gobiernos, CATERO se posiciona como un catalizador esencial para el avance tecnol\u00f3gico y cient\u00edfico, asegurando que sus descubrimientos y desarrollos tengan un impacto tangible en diversas industrias y sectores econ\u00f3micos.<\/p>\n\n\n\n<p class=\"has-text-align-center has-black-color has-text-color has-link-color has-large-font-size wp-elements-c695942d14e56e822d8ee7372fbed117\">Adem\u00e1s, CATERO organiza y patrocina conferencias, talleres y seminarios internacionales que re\u00fanen a expertos y l\u00edderes del sector para compartir conocimientos, experiencias y mejores pr\u00e1cticas. Estos eventos son una plataforma vital para la discusi\u00f3n de tendencias emergentes y la creaci\u00f3n de redes de colaboraci\u00f3n entre investigadores, desarrolladores y empresarios.<\/p>\n\n\n\n<p class=\"has-text-align-center has-black-color has-text-color has-link-color has-large-font-size wp-elements-e4bf7f313ca74fd5b7b3339585434842\">En resumen, CATERO es m\u00e1s que un simple centro de innovaci\u00f3n tecnol\u00f3gica; es una instituci\u00f3n integral que juega un papel crucial en la evoluci\u00f3n y adaptaci\u00f3n de las nuevas tecnolog\u00edas en el \u00e1mbito global, fomentando un ecosistema donde el conocimiento y la innovaci\u00f3n prosperan para el beneficio de la sociedad en su conjunto.<\/p>\n\n\n\n<div style=\"height:100px\" aria-hidden=\"true\" class=\"wp-block-spacer\"><\/div>\n","protected":false},"excerpt":{"rendered":"<p>Sobre Nosotros CATERO es el principal cl\u00faster de innovaci\u00f3n tecnol\u00f3gica \u00fanico en su rubro, destac\u00e1ndose por sus est\u00e1ndares de clase mundial. Este centro de excelencia se especializa en una amplia variedad de \u00e1reas tecnol\u00f3gicas a trav\u00e9s de sus diferentes Directorados y Recursos Oficiales, ofreciendo programas educativos de vanguardia y entrenamientos especializados dise\u00f1ados para satisfacer las [&hellip;]<\/p>\n","protected":false},"author":1,"featured_media":0,"parent":0,"menu_order":0,"comment_status":"closed","ping_status":"closed","template":"","meta":{"footnotes":""},"class_list":["post-79","page","type-page","status-publish","hentry"],"blocksy_meta":{"has_hero_section":"disabled","vertical_spacing_source":"custom","content_area_spacing":"none","styles_descriptor":{"styles":{"desktop":"","tablet":"","mobile":""},"google_fonts":[],"version":6}},"_links":{"self":[{"href":"https:\/\/catero.esai.sv\/index.php\/wp-json\/wp\/v2\/pages\/79","targetHints":{"allow":["GET"]}}],"collection":[{"href":"https:\/\/catero.esai.sv\/index.php\/wp-json\/wp\/v2\/pages"}],"about":[{"href":"https:\/\/catero.esai.sv\/index.php\/wp-json\/wp\/v2\/types\/page"}],"author":[{"embeddable":true,"href":"https:\/\/catero.esai.sv\/index.php\/wp-json\/wp\/v2\/users\/1"}],"replies":[{"embeddable":true,"href":"https:\/\/catero.esai.sv\/index.php\/wp-json\/wp\/v2\/comments?post=79"}],"version-history":[{"count":7,"href":"https:\/\/catero.esai.sv\/index.php\/wp-json\/wp\/v2\/pages\/79\/revisions"}],"predecessor-version":[{"id":596,"href":"https:\/\/catero.esai.sv\/index.php\/wp-json\/wp\/v2\/pages\/79\/revisions\/596"}],"wp:attachment":[{"href":"https:\/\/catero.esai.sv\/index.php\/wp-json\/wp\/v2\/media?parent=79"}],"curies":[{"name":"wp","href":"https:\/\/api.w.org\/{rel}","templated":true}]}}