{"id":525,"date":"2024-07-04T21:29:38","date_gmt":"2024-07-04T21:29:38","guid":{"rendered":"https:\/\/catero.esai.sv\/?page_id=525"},"modified":"2024-07-04T23:59:21","modified_gmt":"2024-07-04T23:59:21","slug":"de-ingles","status":"publish","type":"page","link":"https:\/\/catero.esai.sv\/index.php\/de-ingles\/","title":{"rendered":"De Ingl\u00e9s"},"content":{"rendered":"\n<div class=\"wp-block-stackable-heading alignfull stk-block-heading stk-block-heading--v2 stk-block stk-ada1ee0 stk-block-background stk--has-background-overlay\" id=\"directorado-del-idioma-ingles\" data-block-id=\"ada1ee0\"><style>.stk-ada1ee0{background-color:radial-gradient(circle 248px at center,#16d9e3 0%,#30c7ec 47%,#46aef7 100%) !important;min-height:200px !important;align-items:flex-end !important;display:flex !important}.stk-ada1ee0:before{background-image:radial-gradient(circle 248px at center,#16d9e3 0%,#30c7ec 47%,#46aef7 100%) !important}<\/style><h1 class=\"stk-block-heading__text has-text-align-center\">Directorado del Idioma Ingl\u00e9s<\/h1><\/div>\n\n\n\n<div class=\"wp-block-stackable-columns alignfull stk-block-columns stk-block stk-69426c1\" data-block-id=\"69426c1\"><style>.stk-69426c1{padding-top:80px !important;padding-bottom:80px !important}<\/style><div class=\"stk-row stk-inner-blocks stk-block-content stk-content-align stk-69426c1-column\">\n<div class=\"wp-block-stackable-column stk-block-column stk-column stk-block stk-c92eebc\" data-v=\"4\" data-block-id=\"c92eebc\"><div class=\"stk-column-wrapper stk-block-column__content stk-container stk-c92eebc-container stk--no-background stk--no-padding\"><div class=\"stk-block-content stk-inner-blocks stk-c92eebc-inner-blocks\">\n<div class=\"wp-block-stackable-text stk-block-text stk-block stk-ffc4bfc\" data-block-id=\"ffc4bfc\"><style>.stk-ffc4bfc{margin-bottom:48px !important}.stk-ffc4bfc .stk-block-text__text{font-size:20px !important;color:#000000 !important}@media screen and (max-width:1023px){.stk-ffc4bfc .stk-block-text__text{font-size:20px !important}}<\/style><p class=\"stk-block-text__text has-text-color has-text-align-center\">El Directorado es una entidad educativa especializada en el desarrollo de competencias ling\u00fc\u00edsticas en ingl\u00e9s, dirigida espec\u00edficamente a profesionales y estudiantes del campo de la ingenier\u00eda. Su prop\u00f3sito es proporcionar un aprendizaje integral del idioma ingl\u00e9s que cubra los niveles b\u00e1sico, intermedio y avanzado, con un enfoque particular en las aplicaciones t\u00e9cnicas y profesionales de la ingenier\u00eda. El Directorado ofrece un programa de formaci\u00f3n estructurado que enfatiza las habilidades de escritura, lectura, comprensi\u00f3n auditiva y expresi\u00f3n oral, utilizando m\u00e9todos pr\u00e1cticos y casos reales del \u00e1mbito de la ingenier\u00eda.<\/p><\/div>\n\n\n\n<div class=\"wp-block-stackable-columns stk-block-columns stk-block stk-40a0c85\" data-block-id=\"40a0c85\"><style>.stk-40a0c85-column{--stk-column-gap:10px !important}<\/style><div class=\"stk-row stk-inner-blocks stk-block-content stk-content-align stk-40a0c85-column\">\n<div class=\"wp-block-stackable-column stk-block-column stk-column stk-block stk-f1604e2\" data-v=\"4\" data-block-id=\"f1604e2\"><style>.stk-f1604e2-container{margin-top:0px !important;margin-right:0px !important;margin-bottom:0px !important;margin-left:0px !important}.stk-f1604e2{box-shadow:0px 70px 90px -20px #4849794d !important}@media screen and (min-width:768px) and (max-width:1023px){.stk-f1604e2{flex:var(--stk-flex-grow,1) 1 calc(50% - var(--stk-column-gap,0px) * 1 \/ 2 ) !important}}<\/style><div class=\"stk-column-wrapper stk-block-column__content stk-container stk-f1604e2-container stk--no-background stk--no-padding\"><div class=\"stk-block-content stk-inner-blocks stk-f1604e2-inner-blocks\">\n<div class=\"wp-block-stackable-card stk-block-card stk-block stk-2627ea6 is-style-default\" data-v=\"2\" data-block-id=\"2627ea6\"><style>.stk-2627ea6{box-shadow:none !important}<\/style><div class=\"stk--no-padding stk-container stk-2627ea6-container stk-hover-parent\"><figure class=\"stk-block-card__image stk-img-wrapper stk-image--shape-stretch\"><img loading=\"lazy\" decoding=\"async\" class=\"stk-img wp-image-547\" src=\"https:\/\/catero.esai.sv\/wp-content\/uploads\/2024\/07\/pexels-pixabay-256219-scaled.jpg\" width=\"2560\" height=\"1491\" srcset=\"https:\/\/catero.esai.sv\/wp-content\/uploads\/2024\/07\/pexels-pixabay-256219-scaled.jpg 2560w, https:\/\/catero.esai.sv\/wp-content\/uploads\/2024\/07\/pexels-pixabay-256219-300x175.jpg 300w, https:\/\/catero.esai.sv\/wp-content\/uploads\/2024\/07\/pexels-pixabay-256219-1024x596.jpg 1024w, https:\/\/catero.esai.sv\/wp-content\/uploads\/2024\/07\/pexels-pixabay-256219-768x447.jpg 768w, https:\/\/catero.esai.sv\/wp-content\/uploads\/2024\/07\/pexels-pixabay-256219-1536x895.jpg 1536w, https:\/\/catero.esai.sv\/wp-content\/uploads\/2024\/07\/pexels-pixabay-256219-2048x1193.jpg 2048w\" sizes=\"auto, (max-width: 2560px) 100vw, 2560px\" \/><\/figure><div class=\"stk-container-padding stk-block-card__content\"><div class=\"stk-block-content stk-inner-blocks stk-2627ea6-inner-blocks\">\n<div class=\"wp-block-stackable-heading stk-block-heading stk-block-heading--v2 stk-block stk-455e634\" id=\"font-mstmutation-1-msttexthash-713492-msthash-4482-font-mstmutation-1-msttexthash-1202591-msthash-4395-ingles-tecnico-para-ingenieros-aeroespaciales-font-font\" data-block-id=\"455e634\"><style>.stk-455e634{margin-bottom:65px !important}.stk-455e634 .stk-block-heading__text{color:#000000 !important}<\/style><h3 class=\"stk-block-heading__text has-text-color has-text-align-center\"><font _mstmutation=\"1\" _msttexthash=\"713492\" _msthash=\"4482\"><font _mstmutation=\"1\" _msttexthash=\"1202591\" _msthash=\"4395\">INGL\u00c9S T\u00c9CNICO PARA INGENIEROS AEROESPACIALES<\/font><\/font><\/h3><\/div>\n\n\n\n<div class=\"wp-block-stackable-text stk-block-text stk-block stk-7cb79eb\" data-block-id=\"7cb79eb\"><p class=\"stk-block-text__text has-text-align-justify\">Este curso est\u00e1 dise\u00f1ado para ingenieros aeroespaciales que desean mejorar su dominio del ingl\u00e9s t\u00e9cnico. El enfoque est\u00e1 en el vocabulario y los conceptos espec\u00edficos del campo aeroespacial, facilitando la comprensi\u00f3n y producci\u00f3n de documentos t\u00e9cnicos y la participaci\u00f3n en discusiones profesionales.<\/p><\/div>\n\n\n\n<div class=\"wp-block-stackable-button-group stk-block-button-group stk-block stk-875dbd5\" data-block-id=\"875dbd5\"><div class=\"stk-row stk-inner-blocks has-text-align-center stk-block-content stk-button-group\">\n<div class=\"wp-block-stackable-button stk-block-button has-text-align-center stk-block stk-6c0aae5\" data-block-id=\"6c0aae5\"><a class=\"stk-link stk-button stk--hover-effect-darken\" href=\"https:\/\/learning.esai.sv\/\"><span class=\"stk-button__inner-text\">Comprar<\/span><\/a><\/div>\n<\/div><\/div>\n<\/div><\/div><\/div><\/div>\n<\/div><\/div><\/div>\n\n\n\n<div class=\"wp-block-stackable-column stk-block-column stk-column stk-block stk-269cdf0\" data-v=\"4\" data-block-id=\"269cdf0\"><style>.stk-269cdf0-container{margin-top:0px !important;margin-right:0px !important;margin-bottom:0px !important;margin-left:0px !important}.stk-269cdf0{box-shadow:0px 70px 90px -20px #4849794d !important}@media screen and (min-width:768px) and (max-width:1023px){.stk-269cdf0{flex:var(--stk-flex-grow,1) 1 calc(50% - var(--stk-column-gap,0px) * 1 \/ 2 ) !important}}<\/style><div class=\"stk-column-wrapper stk-block-column__content stk-container stk-269cdf0-container stk--no-background stk--no-padding\"><div class=\"stk-block-content stk-inner-blocks stk-269cdf0-inner-blocks\">\n<div class=\"wp-block-stackable-card stk-block-card stk-block stk-e55a407 is-style-default\" data-v=\"2\" data-block-id=\"e55a407\"><style>.stk-e55a407{box-shadow:none !important}<\/style><div class=\"stk--no-padding stk-container stk-e55a407-container stk-hover-parent\"><figure class=\"stk-block-card__image stk-img-wrapper stk-image--shape-stretch\"><img loading=\"lazy\" decoding=\"async\" class=\"stk-img wp-image-541\" src=\"https:\/\/catero.esai.sv\/wp-content\/uploads\/2024\/07\/pexels-thirdman-6502823-scaled.jpg\" width=\"2560\" height=\"1707\" srcset=\"https:\/\/catero.esai.sv\/wp-content\/uploads\/2024\/07\/pexels-thirdman-6502823-scaled.jpg 2560w, https:\/\/catero.esai.sv\/wp-content\/uploads\/2024\/07\/pexels-thirdman-6502823-300x200.jpg 300w, https:\/\/catero.esai.sv\/wp-content\/uploads\/2024\/07\/pexels-thirdman-6502823-1024x683.jpg 1024w, https:\/\/catero.esai.sv\/wp-content\/uploads\/2024\/07\/pexels-thirdman-6502823-768x512.jpg 768w, https:\/\/catero.esai.sv\/wp-content\/uploads\/2024\/07\/pexels-thirdman-6502823-1536x1024.jpg 1536w, https:\/\/catero.esai.sv\/wp-content\/uploads\/2024\/07\/pexels-thirdman-6502823-2048x1365.jpg 2048w\" sizes=\"auto, (max-width: 2560px) 100vw, 2560px\" \/><\/figure><div class=\"stk-container-padding stk-block-card__content\"><div class=\"stk-block-content stk-inner-blocks stk-e55a407-inner-blocks\">\n<div class=\"wp-block-stackable-heading stk-block-heading stk-block-heading--v2 stk-block stk-2985007\" id=\"font-mstmutation-1-msttexthash-713492-msthash-4482-font-mstmutation-1-msttexthash-713492-msthash-4482-font-mstmutation-1-msttexthash-1202591-msthash-4395-ingles-para-profesionales-de-gestion-aeroespacial-font-font-font\" data-block-id=\"2985007\"><style>.stk-2985007 .stk-block-heading__text{color:#000000 !important}<\/style><h3 class=\"stk-block-heading__text has-text-color has-text-align-center\"><font _mstmutation=\"1\" _msttexthash=\"713492\" _msthash=\"4482\"><font _mstmutation=\"1\" _msttexthash=\"713492\" _msthash=\"4482\"><font _mstmutation=\"1\" _msttexthash=\"1202591\" _msthash=\"4395\">INGL\u00c9S PARA PROFESIONALES DE GESTI\u00d3N AEROESPACIAL<\/font><\/font><\/font><\/h3><\/div>\n\n\n\n<div class=\"wp-block-stackable-text stk-block-text stk-block stk-9ce5e28\" data-block-id=\"9ce5e28\"><style>.stk-9ce5e28{margin-bottom:71px !important}<\/style><p class=\"stk-block-text__text has-text-align-justify\">\u00a0Este curso est\u00e1 dirigido a profesionales que trabajan en la gesti\u00f3n de proyectos aeroespaciales, proporcionando las habilidades ling\u00fc\u00edsticas necesarias para la comunicaci\u00f3n efectiva en contextos administrativos y de gesti\u00f3n dentro del sector aeroespacial.<\/p><\/div>\n\n\n\n<div class=\"wp-block-stackable-button-group stk-block-button-group stk-block stk-17afa8d\" data-block-id=\"17afa8d\"><div class=\"stk-row stk-inner-blocks has-text-align-center stk-block-content stk-button-group\">\n<div class=\"wp-block-stackable-button stk-block-button has-text-align-center stk-block stk-3fbfaad\" data-block-id=\"3fbfaad\"><a class=\"stk-link stk-button stk--hover-effect-darken\" href=\"https:\/\/learning.esai.sv\/\"><span class=\"stk-button__inner-text\">Comprar<\/span><\/a><\/div>\n<\/div><\/div>\n<\/div><\/div><\/div><\/div>\n<\/div><\/div><\/div>\n\n\n\n<div class=\"wp-block-stackable-column stk-block-column stk-column stk-block stk-a8b37ae\" data-v=\"4\" data-block-id=\"a8b37ae\"><style>.stk-a8b37ae-container{margin-top:0px !important;margin-right:0px !important;margin-bottom:0px !important;margin-left:0px !important}.stk-a8b37ae{box-shadow:0px 70px 90px -20px #4849794d !important}@media screen and (min-width:768px) and (max-width:1023px){.stk-a8b37ae{flex:var(--stk-flex-grow,1) 1 calc(100% - var(--stk-column-gap,0px) * 0 \/ 1 ) !important}}<\/style><div class=\"stk-column-wrapper stk-block-column__content stk-container stk-a8b37ae-container stk--no-background stk--no-padding\"><div class=\"stk-block-content stk-inner-blocks stk-a8b37ae-inner-blocks\">\n<div class=\"wp-block-stackable-card stk-block-card stk-block stk-295c105 is-style-default\" data-v=\"2\" data-block-id=\"295c105\"><style>.stk-295c105{box-shadow:none !important}.stk-295c105 .stk-block-card__content{padding-top:32px !important;padding-right:32px !important;padding-bottom:32px !important;padding-left:32px !important}.stk-295c105 .stk-block-card__image img{object-position:36% 49% !important}<\/style><div class=\"stk--no-padding stk-container stk-295c105-container stk-hover-parent\"><figure class=\"stk-block-card__image stk-img-wrapper stk-image--shape-stretch\"><img loading=\"lazy\" decoding=\"async\" class=\"stk-img wp-image-545\" src=\"https:\/\/catero.esai.sv\/wp-content\/uploads\/2024\/07\/pexels-fauxels-3183183-scaled.jpg\" width=\"2560\" height=\"1708\" srcset=\"https:\/\/catero.esai.sv\/wp-content\/uploads\/2024\/07\/pexels-fauxels-3183183-scaled.jpg 2560w, https:\/\/catero.esai.sv\/wp-content\/uploads\/2024\/07\/pexels-fauxels-3183183-300x200.jpg 300w, https:\/\/catero.esai.sv\/wp-content\/uploads\/2024\/07\/pexels-fauxels-3183183-1024x683.jpg 1024w, https:\/\/catero.esai.sv\/wp-content\/uploads\/2024\/07\/pexels-fauxels-3183183-768x513.jpg 768w, https:\/\/catero.esai.sv\/wp-content\/uploads\/2024\/07\/pexels-fauxels-3183183-1536x1025.jpg 1536w, https:\/\/catero.esai.sv\/wp-content\/uploads\/2024\/07\/pexels-fauxels-3183183-2048x1367.jpg 2048w\" sizes=\"auto, (max-width: 2560px) 100vw, 2560px\" \/><\/figure><div class=\"stk-container-padding stk-block-card__content\"><div class=\"stk-block-content stk-inner-blocks stk-295c105-inner-blocks\">\n<div class=\"wp-block-stackable-heading stk-block-heading stk-block-heading--v2 stk-block stk-01279af\" id=\"font-mstmutation-1-msttexthash-1232972-msthash-4563-ingles-para-desarrolladores-de-software-font\" data-block-id=\"01279af\"><style>.stk-01279af{margin-bottom:65px !important}.stk-01279af .stk-block-heading__text{color:#000000 !important}<\/style><h3 class=\"stk-block-heading__text has-text-color has-text-align-center\"><font _mstmutation=\"1\" _msttexthash=\"1232972\" _msthash=\"4563\">INGL\u00c9S PARA DESARROLLADORES DE SOFTWARE<\/font><\/h3><\/div>\n\n\n\n<div class=\"wp-block-stackable-text stk-block-text stk-block stk-3e5747b\" data-block-id=\"3e5747b\"><style>.stk-3e5747b{margin-bottom:100px !important}<\/style><p class=\"stk-block-text__text has-text-align-justify\">Este curso est\u00e1 orientado a desarrolladores de software que desean mejorar sus habilidades en ingl\u00e9s, especialmente en lo que respecta a la terminolog\u00eda t\u00e9cnica y la comunicaci\u00f3n en equipos de desarrollo internacional.<\/p><\/div>\n\n\n\n<div class=\"wp-block-stackable-button-group stk-block-button-group stk-block stk-d53cc2d\" data-block-id=\"d53cc2d\"><div class=\"stk-row stk-inner-blocks has-text-align-center stk-block-content stk-button-group\">\n<div class=\"wp-block-stackable-button stk-block-button stk-block stk-aefeb12\" data-block-id=\"aefeb12\"><a class=\"stk-link stk-button stk--hover-effect-darken\" href=\"https:\/\/learning.esai.sv\/\"><span class=\"stk-button__inner-text\">Comprar<\/span><\/a><\/div>\n<\/div><\/div>\n<\/div><\/div><\/div><\/div>\n<\/div><\/div><\/div>\n<\/div><\/div>\n\n\n\n<div class=\"wp-block-stackable-columns stk-block-columns stk-block stk-8852798\" data-block-id=\"8852798\"><style>.stk-8852798-column{--stk-column-gap:10px !important}<\/style><div class=\"stk-row stk-inner-blocks stk-block-content stk-content-align stk-8852798-column\">\n<div class=\"wp-block-stackable-column stk-block-column stk-column stk-block stk-ebcbf16\" data-v=\"4\" data-block-id=\"ebcbf16\"><style>.stk-ebcbf16-container{margin-top:0px !important;margin-right:0px !important;margin-bottom:0px !important;margin-left:0px !important}.stk-ebcbf16{box-shadow:0px 70px 90px -20px #4849794d !important}@media screen and (min-width:768px) and (max-width:1023px){.stk-ebcbf16{flex:var(--stk-flex-grow,1) 1 calc(50% - var(--stk-column-gap,0px) * 1 \/ 2 ) !important}}<\/style><div class=\"stk-column-wrapper stk-block-column__content stk-container stk-ebcbf16-container stk--no-background stk--no-padding\"><div class=\"stk-block-content stk-inner-blocks stk-ebcbf16-inner-blocks\">\n<div class=\"wp-block-stackable-card stk-block-card stk-block stk-4317cfb is-style-default\" data-v=\"2\" data-block-id=\"4317cfb\"><style>.stk-4317cfb{box-shadow:none !important}<\/style><div class=\"stk--no-padding stk-container stk-4317cfb-container stk-hover-parent\"><figure class=\"stk-block-card__image stk-img-wrapper stk-image--shape-stretch\"><img loading=\"lazy\" decoding=\"async\" class=\"stk-img wp-image-546\" src=\"https:\/\/catero.esai.sv\/wp-content\/uploads\/2024\/07\/pexels-thisisengineering-3862135-scaled.jpg\" width=\"2560\" height=\"1708\" srcset=\"https:\/\/catero.esai.sv\/wp-content\/uploads\/2024\/07\/pexels-thisisengineering-3862135-scaled.jpg 2560w, https:\/\/catero.esai.sv\/wp-content\/uploads\/2024\/07\/pexels-thisisengineering-3862135-300x200.jpg 300w, https:\/\/catero.esai.sv\/wp-content\/uploads\/2024\/07\/pexels-thisisengineering-3862135-1024x683.jpg 1024w, https:\/\/catero.esai.sv\/wp-content\/uploads\/2024\/07\/pexels-thisisengineering-3862135-768x512.jpg 768w, https:\/\/catero.esai.sv\/wp-content\/uploads\/2024\/07\/pexels-thisisengineering-3862135-1536x1025.jpg 1536w, https:\/\/catero.esai.sv\/wp-content\/uploads\/2024\/07\/pexels-thisisengineering-3862135-2048x1366.jpg 2048w\" sizes=\"auto, (max-width: 2560px) 100vw, 2560px\" \/><\/figure><div class=\"stk-container-padding stk-block-card__content\"><div class=\"stk-block-content stk-inner-blocks stk-4317cfb-inner-blocks\">\n<div class=\"wp-block-stackable-heading stk-block-heading stk-block-heading--v2 stk-block stk-88d7223\" id=\"font-mstmutation-1-msttexthash-713492-msthash-4482-font-mstmutation-1-msttexthash-1202591-msthash-4395-font-mstmutation-1-msttexthash-1232972-msthash-4563-ingles-tecnico-para-ingenieros-electronicos-font-font-font\" data-block-id=\"88d7223\"><style>.stk-88d7223 .stk-block-heading__text{color:#000000 !important}<\/style><h3 class=\"stk-block-heading__text has-text-color has-text-align-center\"><font _mstmutation=\"1\" _msttexthash=\"713492\" _msthash=\"4482\"><font _mstmutation=\"1\" _msttexthash=\"1202591\" _msthash=\"4395\"><font _mstmutation=\"1\" _msttexthash=\"1232972\" _msthash=\"4563\">INGL\u00c9S T\u00c9CNICO PARA INGENIEROS ELECTR\u00d3NICOS<\/font><\/font><\/font><\/h3><\/div>\n\n\n\n<div class=\"wp-block-stackable-text stk-block-text stk-block stk-bf9f2e1\" data-block-id=\"bf9f2e1\"><style>.stk-bf9f2e1{margin-bottom:75px !important}<\/style><p class=\"stk-block-text__text has-text-align-justify\">Este curso est\u00e1 dise\u00f1ado para ingenieros electr\u00f3nicos, proporcionando el vocabulario y las habilidades necesarias para comprender y comunicar conceptos t\u00e9cnicos en ingl\u00e9s.<\/p><\/div>\n\n\n\n<div class=\"wp-block-stackable-button-group stk-block-button-group stk-block stk-0505fb2\" data-block-id=\"0505fb2\"><div class=\"stk-row stk-inner-blocks has-text-align-center stk-block-content stk-button-group\">\n<div class=\"wp-block-stackable-button stk-block-button has-text-align-center stk-block stk-b89e670\" data-block-id=\"b89e670\"><a class=\"stk-link stk-button stk--hover-effect-darken\" href=\"https:\/\/learning.esai.sv\/\"><span class=\"stk-button__inner-text\">Comprar<\/span><\/a><\/div>\n<\/div><\/div>\n<\/div><\/div><\/div><\/div>\n<\/div><\/div><\/div>\n\n\n\n<div class=\"wp-block-stackable-column stk-block-column stk-column stk-block stk-2987fd2\" data-v=\"4\" data-block-id=\"2987fd2\"><style>.stk-2987fd2-container{margin-top:0px !important;margin-right:0px !important;margin-bottom:0px !important;margin-left:0px !important}.stk-2987fd2{box-shadow:0px 70px 90px -20px #4849794d !important}@media screen and (min-width:768px) and (max-width:1023px){.stk-2987fd2{flex:var(--stk-flex-grow,1) 1 calc(50% - var(--stk-column-gap,0px) * 1 \/ 2 ) !important}}<\/style><div class=\"stk-column-wrapper stk-block-column__content stk-container stk-2987fd2-container stk--no-background stk--no-padding\"><div class=\"stk-block-content stk-inner-blocks stk-2987fd2-inner-blocks\">\n<div class=\"wp-block-stackable-card stk-block-card stk-block stk-59c85f2 is-style-default\" data-v=\"2\" data-block-id=\"59c85f2\"><style>.stk-59c85f2{box-shadow:none !important}<\/style><div class=\"stk--no-padding stk-container stk-59c85f2-container stk-hover-parent\"><figure class=\"stk-block-card__image stk-img-wrapper stk-image--shape-stretch\"><img loading=\"lazy\" decoding=\"async\" class=\"stk-img wp-image-543\" src=\"https:\/\/catero.esai.sv\/wp-content\/uploads\/2024\/07\/pexels-tima-miroshnichenko-5427870-scaled.jpg\" width=\"1707\" height=\"2560\" srcset=\"https:\/\/catero.esai.sv\/wp-content\/uploads\/2024\/07\/pexels-tima-miroshnichenko-5427870-scaled.jpg 1707w, https:\/\/catero.esai.sv\/wp-content\/uploads\/2024\/07\/pexels-tima-miroshnichenko-5427870-200x300.jpg 200w, https:\/\/catero.esai.sv\/wp-content\/uploads\/2024\/07\/pexels-tima-miroshnichenko-5427870-683x1024.jpg 683w, https:\/\/catero.esai.sv\/wp-content\/uploads\/2024\/07\/pexels-tima-miroshnichenko-5427870-768x1152.jpg 768w, https:\/\/catero.esai.sv\/wp-content\/uploads\/2024\/07\/pexels-tima-miroshnichenko-5427870-1024x1536.jpg 1024w, https:\/\/catero.esai.sv\/wp-content\/uploads\/2024\/07\/pexels-tima-miroshnichenko-5427870-1365x2048.jpg 1365w\" sizes=\"auto, (max-width: 1707px) 100vw, 1707px\" \/><\/figure><div class=\"stk-container-padding stk-block-card__content\"><div class=\"stk-block-content stk-inner-blocks stk-59c85f2-inner-blocks\">\n<div class=\"wp-block-stackable-heading stk-block-heading stk-block-heading--v2 stk-block stk-419a64b\" id=\"font-mstmutation-1-msttexthash-713492-msthash-4482-ingles-para-ingenieros-civiles-font\" data-block-id=\"419a64b\"><style>.stk-419a64b .stk-block-heading__text{color:#000000 !important}<\/style><h3 class=\"stk-block-heading__text has-text-color has-text-align-center\"><font _mstmutation=\"1\" _msttexthash=\"713492\" _msthash=\"4482\">INGL\u00c9S PARA INGENIEROS CIVILES<\/font><\/h3><\/div>\n\n\n\n<div class=\"wp-block-stackable-text stk-block-text stk-block stk-2facc51\" data-block-id=\"2facc51\"><style>.stk-2facc51{margin-bottom:76px !important}<\/style><p class=\"stk-block-text__text has-text-align-justify\">\u00a0Este curso est\u00e1 orientado a ingenieros civiles, enfoc\u00e1ndose en el vocabulario y las habilidades ling\u00fc\u00edsticas necesarias para trabajar en proyectos de construcci\u00f3n, infraestructura y urbanismo.<\/p><\/div>\n\n\n\n<div class=\"wp-block-stackable-button-group stk-block-button-group stk-block stk-4dc579b\" data-block-id=\"4dc579b\"><div class=\"stk-row stk-inner-blocks has-text-align-center stk-block-content stk-button-group\">\n<div class=\"wp-block-stackable-button stk-block-button has-text-align-center stk-block stk-7a699cb\" data-block-id=\"7a699cb\"><a class=\"stk-link stk-button stk--hover-effect-darken\" href=\"https:\/\/learning.esai.sv\/\"><span class=\"stk-button__inner-text\">Comprar<\/span><\/a><\/div>\n<\/div><\/div>\n<\/div><\/div><\/div><\/div>\n<\/div><\/div><\/div>\n\n\n\n<div class=\"wp-block-stackable-column stk-block-column stk-column stk-block stk-5f6bbb2\" data-v=\"4\" data-block-id=\"5f6bbb2\"><style>.stk-5f6bbb2-container{margin-top:0px !important;margin-right:0px !important;margin-bottom:0px !important;margin-left:0px !important}.stk-5f6bbb2{box-shadow:0px 70px 90px -20px #4849794d !important}@media screen and (min-width:768px) and (max-width:1023px){.stk-5f6bbb2{flex:var(--stk-flex-grow,1) 1 calc(100% - var(--stk-column-gap,0px) * 0 \/ 1 ) !important}}<\/style><div class=\"stk-column-wrapper stk-block-column__content stk-container stk-5f6bbb2-container stk--no-background stk--no-padding\"><div class=\"stk-block-content stk-inner-blocks stk-5f6bbb2-inner-blocks\"><\/div><\/div><\/div>\n<\/div><\/div>\n<\/div><\/div><\/div>\n<\/div><\/div>\n","protected":false},"excerpt":{"rendered":"<p>Directorado del Idioma Ingl\u00e9s El Directorado es una entidad educativa especializada en el desarrollo de competencias ling\u00fc\u00edsticas en ingl\u00e9s, dirigida espec\u00edficamente a profesionales y estudiantes del campo de la ingenier\u00eda. Su prop\u00f3sito es proporcionar un aprendizaje integral del idioma ingl\u00e9s que cubra los niveles b\u00e1sico, intermedio y avanzado, con un enfoque particular en las aplicaciones [&hellip;]<\/p>\n","protected":false},"author":1,"featured_media":0,"parent":0,"menu_order":0,"comment_status":"closed","ping_status":"closed","template":"","meta":{"footnotes":""},"class_list":["post-525","page","type-page","status-publish","hentry"],"blocksy_meta":{"has_hero_section":"disabled","vertical_spacing_source":"custom","content_area_spacing":"none","styles_descriptor":{"styles":{"desktop":"","tablet":"","mobile":""},"google_fonts":[],"version":6}},"_links":{"self":[{"href":"https:\/\/catero.esai.sv\/index.php\/wp-json\/wp\/v2\/pages\/525","targetHints":{"allow":["GET"]}}],"collection":[{"href":"https:\/\/catero.esai.sv\/index.php\/wp-json\/wp\/v2\/pages"}],"about":[{"href":"https:\/\/catero.esai.sv\/index.php\/wp-json\/wp\/v2\/types\/page"}],"author":[{"embeddable":true,"href":"https:\/\/catero.esai.sv\/index.php\/wp-json\/wp\/v2\/users\/1"}],"replies":[{"embeddable":true,"href":"https:\/\/catero.esai.sv\/index.php\/wp-json\/wp\/v2\/comments?post=525"}],"version-history":[{"count":19,"href":"https:\/\/catero.esai.sv\/index.php\/wp-json\/wp\/v2\/pages\/525\/revisions"}],"predecessor-version":[{"id":532,"href":"https:\/\/catero.esai.sv\/index.php\/wp-json\/wp\/v2\/pages\/525\/revisions\/532"}],"wp:attachment":[{"href":"https:\/\/catero.esai.sv\/index.php\/wp-json\/wp\/v2\/media?parent=525"}],"curies":[{"name":"wp","href":"https:\/\/api.w.org\/{rel}","templated":true}]}}