{"id":117,"date":"2024-06-11T01:11:37","date_gmt":"2024-06-11T01:11:37","guid":{"rendered":"https:\/\/catero.esai.sv\/?page_id=117"},"modified":"2024-07-04T21:25:43","modified_gmt":"2024-07-04T21:25:43","slug":"de-sistemas-de-informacion","status":"publish","type":"page","link":"https:\/\/catero.esai.sv\/index.php\/de-sistemas-de-informacion\/","title":{"rendered":"De Sistemas de Informaci\u00f3n"},"content":{"rendered":"\n<div class=\"wp-block-stackable-heading alignfull stk-block-heading stk-block-heading--v2 stk-block stk-ada1ee0 stk-block-background stk--has-background-overlay\" id=\"directorado-de-sistemas-de-informacion\" data-block-id=\"ada1ee0\"><style>.stk-ada1ee0{background-color:radial-gradient(circle 248px at center,#16d9e3 0%,#30c7ec 47%,#46aef7 100%) !important;min-height:200px !important;align-items:flex-end !important;display:flex !important}.stk-ada1ee0:before{background-image:radial-gradient(circle 248px at center,#16d9e3 0%,#30c7ec 47%,#46aef7 100%) !important}<\/style><h1 class=\"stk-block-heading__text has-text-align-center\">Directorado de Sistemas de Informaci\u00f3n<\/h1><\/div>\n\n\n\n<div class=\"wp-block-stackable-columns alignfull stk-block-columns stk-block stk-69426c1\" data-block-id=\"69426c1\"><style>.stk-69426c1{padding-top:80px !important;padding-bottom:80px !important}<\/style><div class=\"stk-row stk-inner-blocks stk-block-content stk-content-align stk-69426c1-column\">\n<div class=\"wp-block-stackable-column stk-block-column stk-column stk-block stk-c92eebc\" data-v=\"4\" data-block-id=\"c92eebc\"><div class=\"stk-column-wrapper stk-block-column__content stk-container stk-c92eebc-container stk--no-background stk--no-padding\"><div class=\"stk-block-content stk-inner-blocks stk-c92eebc-inner-blocks\">\n<div class=\"wp-block-stackable-text stk-block-text stk-block stk-ffc4bfc\" data-block-id=\"ffc4bfc\"><style>.stk-ffc4bfc{margin-bottom:48px !important}.stk-ffc4bfc .stk-block-text__text{font-size:20px !important;color:#000000 !important}@media screen and (max-width:1023px){.stk-ffc4bfc .stk-block-text__text{font-size:20px !important}}<\/style><p class=\"stk-block-text__text has-text-color has-text-align-center\">El Directorado se enfoca en el uso de los sistemas de informaci\u00f3n (software) como herramienta esencial que permitan administrar, recolectar, recuperar, procesar, almacenar y distribuir informaci\u00f3n relevante de las organizaciones. Ofrece un entrenamiento pr\u00e1ctico y ejemplo de herramientas administrativas. Explica la importancia de los sistemas de informaci\u00f3n desde el concepto de eficiencia en la correlaci\u00f3n de grandes datos ingresados a trav\u00e9s de procesos dise\u00f1ados exclusivamente para cada \u00e1rea con el objetivo de producir informaci\u00f3n v\u00e1lida y toma de decisiones estrat\u00e9gicas.<\/p><\/div>\n\n\n\n<div class=\"wp-block-stackable-columns stk-block-columns stk-block stk-40a0c85\" data-block-id=\"40a0c85\"><style>.stk-40a0c85-column{--stk-column-gap:10px !important}<\/style><div class=\"stk-row stk-inner-blocks stk-block-content stk-content-align stk-40a0c85-column\">\n<div class=\"wp-block-stackable-column stk-block-column stk-column stk-block stk-f1604e2\" data-v=\"4\" data-block-id=\"f1604e2\"><style>.stk-f1604e2-container{margin-top:0px !important;margin-right:0px !important;margin-bottom:0px !important;margin-left:0px !important}.stk-f1604e2{box-shadow:0px 70px 90px -20px #4849794d !important}@media screen and (min-width:768px) and (max-width:1023px){.stk-f1604e2{flex:var(--stk-flex-grow,1) 1 calc(50% - var(--stk-column-gap,0px) * 1 \/ 2 ) !important}}<\/style><div class=\"stk-column-wrapper stk-block-column__content stk-container stk-f1604e2-container stk--no-background stk--no-padding\"><div class=\"stk-block-content stk-inner-blocks stk-f1604e2-inner-blocks\">\n<div class=\"wp-block-stackable-card stk-block-card stk-block stk-2627ea6 is-style-default\" data-v=\"2\" data-block-id=\"2627ea6\"><style>.stk-2627ea6{box-shadow:none !important}<\/style><div class=\"stk--no-padding stk-container stk-2627ea6-container stk-hover-parent\"><figure class=\"stk-block-card__image stk-img-wrapper stk-image--shape-stretch\"><img loading=\"lazy\" decoding=\"async\" class=\"stk-img wp-image-512\" src=\"https:\/\/catero.esai.sv\/wp-content\/uploads\/2024\/07\/pexels-pixabay-416405-1-scaled.jpg\" width=\"2560\" height=\"1600\" srcset=\"https:\/\/catero.esai.sv\/wp-content\/uploads\/2024\/07\/pexels-pixabay-416405-1-scaled.jpg 2560w, https:\/\/catero.esai.sv\/wp-content\/uploads\/2024\/07\/pexels-pixabay-416405-1-300x188.jpg 300w, https:\/\/catero.esai.sv\/wp-content\/uploads\/2024\/07\/pexels-pixabay-416405-1-1024x640.jpg 1024w, https:\/\/catero.esai.sv\/wp-content\/uploads\/2024\/07\/pexels-pixabay-416405-1-768x480.jpg 768w, https:\/\/catero.esai.sv\/wp-content\/uploads\/2024\/07\/pexels-pixabay-416405-1-1536x960.jpg 1536w, https:\/\/catero.esai.sv\/wp-content\/uploads\/2024\/07\/pexels-pixabay-416405-1-2048x1280.jpg 2048w\" sizes=\"auto, (max-width: 2560px) 100vw, 2560px\" \/><\/figure><div class=\"stk-container-padding stk-block-card__content\"><div class=\"stk-block-content stk-inner-blocks stk-2627ea6-inner-blocks\">\n<div class=\"wp-block-stackable-heading stk-block-heading stk-block-heading--v2 stk-block stk-455e634\" id=\"font-mstmutation-1-msttexthash-713492-msthash-4482-font-mstmutation-1-msttexthash-1202591-msthash-4395-gestion-de-proyectos-de-sistemas-de-informacion-font-font\" data-block-id=\"455e634\"><style>.stk-455e634 .stk-block-heading__text{color:#000000 !important}<\/style><h3 class=\"stk-block-heading__text has-text-color has-text-align-center\"><font _mstmutation=\"1\" _msttexthash=\"713492\" _msthash=\"4482\"><font _mstmutation=\"1\" _msttexthash=\"1202591\" _msthash=\"4395\">GESTI\u00d3N DE PROYECTOS DE SISTEMAS DE INFORMACI\u00d3N<\/font><\/font><\/h3><\/div>\n\n\n\n<div class=\"wp-block-stackable-text stk-block-text stk-block stk-7cb79eb\" data-block-id=\"7cb79eb\"><p class=\"stk-block-text__text has-text-align-justify\">El Directorado se enfoca en el uso de los sistemas de informaci\u00f3n (software) como herramienta esencial que permitan administrar, recolectar, recuperar, procesar, almacenar y distribuir informaci\u00f3n relevante de las organizaciones. Ofrece un entrenamiento pr\u00e1ctico y ejemplo de herramientas administrativas. Explica la importancia de los sistemas de informaci\u00f3n desde el concepto de eficiencia en la correlaci\u00f3n de grandes datos ingresados a trav\u00e9s de procesos dise\u00f1ados exclusivamente para cada \u00e1rea con el objetivo de producir informaci\u00f3n v\u00e1lida y toma de decisiones estrat\u00e9gicas.<\/p><\/div>\n\n\n\n<div class=\"wp-block-stackable-button-group stk-block-button-group stk-block stk-875dbd5\" data-block-id=\"875dbd5\"><div class=\"stk-row stk-inner-blocks has-text-align-center stk-block-content stk-button-group\">\n<div class=\"wp-block-stackable-button stk-block-button has-text-align-center stk-block stk-6c0aae5\" data-block-id=\"6c0aae5\"><a class=\"stk-link stk-button stk--hover-effect-darken\" href=\"https:\/\/learning.esai.sv\/\"><span class=\"stk-button__inner-text\">Comprar<\/span><\/a><\/div>\n<\/div><\/div>\n<\/div><\/div><\/div><\/div>\n<\/div><\/div><\/div>\n\n\n\n<div class=\"wp-block-stackable-column stk-block-column stk-column stk-block stk-269cdf0\" data-v=\"4\" data-block-id=\"269cdf0\"><style>.stk-269cdf0-container{margin-top:0px !important;margin-right:0px !important;margin-bottom:0px !important;margin-left:0px !important}.stk-269cdf0{box-shadow:0px 70px 90px -20px #4849794d !important}@media screen and (min-width:768px) and (max-width:1023px){.stk-269cdf0{flex:var(--stk-flex-grow,1) 1 calc(50% - var(--stk-column-gap,0px) * 1 \/ 2 ) !important}}<\/style><div class=\"stk-column-wrapper stk-block-column__content stk-container stk-269cdf0-container stk--no-background stk--no-padding\"><div class=\"stk-block-content stk-inner-blocks stk-269cdf0-inner-blocks\">\n<div class=\"wp-block-stackable-card stk-block-card stk-block stk-e55a407 is-style-default\" data-v=\"2\" data-block-id=\"e55a407\"><style>.stk-e55a407{box-shadow:none !important}<\/style><div class=\"stk--no-padding stk-container stk-e55a407-container stk-hover-parent\"><figure class=\"stk-block-card__image stk-img-wrapper stk-image--shape-stretch\"><img loading=\"lazy\" decoding=\"async\" class=\"stk-img wp-image-513\" src=\"https:\/\/catero.esai.sv\/wp-content\/uploads\/2024\/07\/pexels-usehex-9553905-scaled.jpg\" width=\"1707\" height=\"2560\" srcset=\"https:\/\/catero.esai.sv\/wp-content\/uploads\/2024\/07\/pexels-usehex-9553905-scaled.jpg 1707w, https:\/\/catero.esai.sv\/wp-content\/uploads\/2024\/07\/pexels-usehex-9553905-200x300.jpg 200w, https:\/\/catero.esai.sv\/wp-content\/uploads\/2024\/07\/pexels-usehex-9553905-683x1024.jpg 683w, https:\/\/catero.esai.sv\/wp-content\/uploads\/2024\/07\/pexels-usehex-9553905-768x1152.jpg 768w, https:\/\/catero.esai.sv\/wp-content\/uploads\/2024\/07\/pexels-usehex-9553905-1024x1536.jpg 1024w, https:\/\/catero.esai.sv\/wp-content\/uploads\/2024\/07\/pexels-usehex-9553905-1365x2048.jpg 1365w\" sizes=\"auto, (max-width: 1707px) 100vw, 1707px\" \/><\/figure><div class=\"stk-container-padding stk-block-card__content\"><div class=\"stk-block-content stk-inner-blocks stk-e55a407-inner-blocks\">\n<div class=\"wp-block-stackable-heading stk-block-heading stk-block-heading--v2 stk-block stk-2985007\" id=\"font-mstmutation-1-msttexthash-713492-msthash-4482-big-data-y-analisis-de-datos-font\" data-block-id=\"2985007\"><style>.stk-2985007{margin-bottom:110px !important}.stk-2985007 .stk-block-heading__text{color:#000000 !important}<\/style><h3 class=\"stk-block-heading__text has-text-color has-text-align-center\"><font _mstmutation=\"1\" _msttexthash=\"713492\" _msthash=\"4482\">BIG DATA Y AN\u00c1LISIS DE DATOS<\/font><\/h3><\/div>\n\n\n\n<div class=\"wp-block-stackable-text stk-block-text stk-block stk-9ce5e28\" data-block-id=\"9ce5e28\"><style>.stk-9ce5e28{margin-bottom:185px !important}<\/style><p class=\"stk-block-text__text has-text-align-justify\">El Big Data y el an\u00e1lisis de datos son disciplinas que se centran en la gesti\u00f3n y el an\u00e1lisis de grandes vol\u00famenes de datos para extraer informaci\u00f3n valiosa, descubrir patrones y tomar decisiones informadas. La gesti\u00f3n de Big Data implica el uso de tecnolog\u00edas avanzadas y t\u00e9cnicas anal\u00edticas para manejar datos que son demasiado grandes, r\u00e1pidos o complejos para ser gestionados por las herramientas tradicionales.<\/p><\/div>\n\n\n\n<div class=\"wp-block-stackable-button-group stk-block-button-group stk-block stk-17afa8d\" data-block-id=\"17afa8d\"><div class=\"stk-row stk-inner-blocks has-text-align-center stk-block-content stk-button-group\">\n<div class=\"wp-block-stackable-button stk-block-button has-text-align-center stk-block stk-3fbfaad\" data-block-id=\"3fbfaad\"><a class=\"stk-link stk-button stk--hover-effect-darken\" href=\"https:\/\/learning.esai.sv\/\"><span class=\"stk-button__inner-text\">Comprar<\/span><\/a><\/div>\n<\/div><\/div>\n<\/div><\/div><\/div><\/div>\n<\/div><\/div><\/div>\n\n\n\n<div class=\"wp-block-stackable-column stk-block-column stk-column stk-block stk-a8b37ae\" data-v=\"4\" data-block-id=\"a8b37ae\"><style>.stk-a8b37ae-container{margin-top:0px !important;margin-right:0px !important;margin-bottom:0px !important;margin-left:0px !important}.stk-a8b37ae{box-shadow:0px 70px 90px -20px #4849794d !important}@media screen and (min-width:768px) and (max-width:1023px){.stk-a8b37ae{flex:var(--stk-flex-grow,1) 1 calc(100% - var(--stk-column-gap,0px) * 0 \/ 1 ) !important}}<\/style><div class=\"stk-column-wrapper stk-block-column__content stk-container stk-a8b37ae-container stk--no-background stk--no-padding\"><div class=\"stk-block-content stk-inner-blocks stk-a8b37ae-inner-blocks\">\n<div class=\"wp-block-stackable-card stk-block-card stk-block stk-295c105 is-style-default\" data-v=\"2\" data-block-id=\"295c105\"><style>.stk-295c105{box-shadow:none !important}.stk-295c105 .stk-block-card__content{padding-top:32px !important;padding-right:32px !important;padding-bottom:32px !important;padding-left:32px !important}<\/style><div class=\"stk--no-padding stk-container stk-295c105-container stk-hover-parent\"><figure class=\"stk-block-card__image stk-img-wrapper stk-image--shape-stretch\"><img loading=\"lazy\" decoding=\"async\" class=\"stk-img wp-image-514\" src=\"https:\/\/catero.esai.sv\/wp-content\/uploads\/2024\/07\/pexels-rsantos1232-3888149-scaled.jpg\" width=\"2560\" height=\"1700\" srcset=\"https:\/\/catero.esai.sv\/wp-content\/uploads\/2024\/07\/pexels-rsantos1232-3888149-scaled.jpg 2560w, https:\/\/catero.esai.sv\/wp-content\/uploads\/2024\/07\/pexels-rsantos1232-3888149-300x199.jpg 300w, https:\/\/catero.esai.sv\/wp-content\/uploads\/2024\/07\/pexels-rsantos1232-3888149-1024x680.jpg 1024w, https:\/\/catero.esai.sv\/wp-content\/uploads\/2024\/07\/pexels-rsantos1232-3888149-768x510.jpg 768w, https:\/\/catero.esai.sv\/wp-content\/uploads\/2024\/07\/pexels-rsantos1232-3888149-1536x1020.jpg 1536w, https:\/\/catero.esai.sv\/wp-content\/uploads\/2024\/07\/pexels-rsantos1232-3888149-2048x1360.jpg 2048w\" sizes=\"auto, (max-width: 2560px) 100vw, 2560px\" \/><\/figure><div class=\"stk-container-padding stk-block-card__content\"><div class=\"stk-block-content stk-inner-blocks stk-295c105-inner-blocks\">\n<div class=\"wp-block-stackable-heading stk-block-heading stk-block-heading--v2 stk-block stk-01279af\" id=\"font-mstmutation-1-msttexthash-1232972-msthash-4563-transformacion-digital-y-gestion-de-sistemas-de-informacion-font\" data-block-id=\"01279af\"><style>.stk-01279af .stk-block-heading__text{color:#000000 !important}<\/style><h3 class=\"stk-block-heading__text has-text-color has-text-align-center\"><font _mstmutation=\"1\" _msttexthash=\"1232972\" _msthash=\"4563\">TRANSFORMACI\u00d3N DIGITAL Y GESTI\u00d3N DE SISTEMAS DE INFORMACI\u00d3N<\/font><\/h3><\/div>\n\n\n\n<div class=\"wp-block-stackable-text stk-block-text stk-block stk-3e5747b\" data-block-id=\"3e5747b\"><style>.stk-3e5747b{margin-bottom:77px !important}<\/style><p class=\"stk-block-text__text has-text-align-justify\">La transformaci\u00f3n digital se refiere a la integraci\u00f3n de tecnolog\u00edas digitales en todas las \u00e1reas de una empresa, cambiando fundamentalmente c\u00f3mo opera y brinda valor a sus clientes. Es un cambio cultural que requiere que las organizaciones desaf\u00eden continuamente el statu quo, experimenten con nuevas tecnolog\u00edas y adapten sus modelos de negocio para mantenerse competitivas. La gesti\u00f3n de sistemas de informaci\u00f3n juega un papel crucial en este proceso, ya que estos sistemas son la columna vertebral tecnol\u00f3gica que soporta la transformaci\u00f3n digital.<\/p><\/div>\n\n\n\n<div class=\"wp-block-stackable-button-group stk-block-button-group stk-block stk-d53cc2d\" data-block-id=\"d53cc2d\"><div class=\"stk-row stk-inner-blocks has-text-align-center stk-block-content stk-button-group\">\n<div class=\"wp-block-stackable-button stk-block-button stk-block stk-aefeb12\" data-block-id=\"aefeb12\"><a class=\"stk-link stk-button stk--hover-effect-darken\" href=\"https:\/\/learning.esai.sv\/\"><span class=\"stk-button__inner-text\">Comprar<\/span><\/a><\/div>\n<\/div><\/div>\n<\/div><\/div><\/div><\/div>\n<\/div><\/div><\/div>\n<\/div><\/div>\n\n\n\n<div class=\"wp-block-stackable-columns stk-block-columns stk-block stk-f90c29d\" data-block-id=\"f90c29d\"><div class=\"stk-row stk-inner-blocks has-text-align-left stk-block-content stk-content-align stk-f90c29d-column\">\n<div class=\"wp-block-stackable-column stk-block-column stk-column stk-block stk-95ffd02\" data-v=\"4\" data-block-id=\"95ffd02\"><style>.stk-95ffd02-container{margin-top:0px !important;margin-right:0px !important;margin-bottom:0px !important;margin-left:0px !important}.stk-95ffd02{box-shadow:0px 70px 90px -20px #4849794d !important}<\/style><div class=\"stk-column-wrapper stk-block-column__content stk-container stk-95ffd02-container stk--no-background stk--no-padding\"><div class=\"stk-block-content stk-inner-blocks stk-95ffd02-inner-blocks\"><\/div><\/div><\/div>\n\n\n\n<div class=\"wp-block-stackable-column stk-block-column stk-column stk-block stk-1e7f737\" data-v=\"4\" data-block-id=\"1e7f737\"><div class=\"stk-column-wrapper stk-block-column__content stk-container stk-1e7f737-container stk--no-background stk--no-padding\"><div class=\"stk-block-content stk-inner-blocks stk-1e7f737-inner-blocks\"><\/div><\/div><\/div>\n\n\n\n<div class=\"wp-block-stackable-column stk-block-column stk-column stk-block stk-5eff703\" data-v=\"4\" data-block-id=\"5eff703\"><div class=\"stk-column-wrapper stk-block-column__content stk-container stk-5eff703-container stk--no-background stk--no-padding\"><div class=\"stk-block-content stk-inner-blocks stk-5eff703-inner-blocks\"><\/div><\/div><\/div>\n<\/div><\/div>\n<\/div><\/div><\/div>\n<\/div><\/div>\n","protected":false},"excerpt":{"rendered":"<p>Directorado de Sistemas de Informaci\u00f3n El Directorado se enfoca en el uso de los sistemas de informaci\u00f3n (software) como herramienta esencial que permitan administrar, recolectar, recuperar, procesar, almacenar y distribuir informaci\u00f3n relevante de las organizaciones. Ofrece un entrenamiento pr\u00e1ctico y ejemplo de herramientas administrativas. Explica la importancia de los sistemas de informaci\u00f3n desde el concepto [&hellip;]<\/p>\n","protected":false},"author":1,"featured_media":0,"parent":0,"menu_order":0,"comment_status":"closed","ping_status":"closed","template":"","meta":{"footnotes":""},"class_list":["post-117","page","type-page","status-publish","hentry"],"blocksy_meta":{"has_hero_section":"disabled","vertical_spacing_source":"custom","content_area_spacing":"none","styles_descriptor":{"styles":{"desktop":"","tablet":"","mobile":""},"google_fonts":[],"version":6}},"_links":{"self":[{"href":"https:\/\/catero.esai.sv\/index.php\/wp-json\/wp\/v2\/pages\/117","targetHints":{"allow":["GET"]}}],"collection":[{"href":"https:\/\/catero.esai.sv\/index.php\/wp-json\/wp\/v2\/pages"}],"about":[{"href":"https:\/\/catero.esai.sv\/index.php\/wp-json\/wp\/v2\/types\/page"}],"author":[{"embeddable":true,"href":"https:\/\/catero.esai.sv\/index.php\/wp-json\/wp\/v2\/users\/1"}],"replies":[{"embeddable":true,"href":"https:\/\/catero.esai.sv\/index.php\/wp-json\/wp\/v2\/comments?post=117"}],"version-history":[{"count":12,"href":"https:\/\/catero.esai.sv\/index.php\/wp-json\/wp\/v2\/pages\/117\/revisions"}],"predecessor-version":[{"id":524,"href":"https:\/\/catero.esai.sv\/index.php\/wp-json\/wp\/v2\/pages\/117\/revisions\/524"}],"wp:attachment":[{"href":"https:\/\/catero.esai.sv\/index.php\/wp-json\/wp\/v2\/media?parent=117"}],"curies":[{"name":"wp","href":"https:\/\/api.w.org\/{rel}","templated":true}]}}