{"id":115,"date":"2024-06-11T01:11:36","date_gmt":"2024-06-11T01:11:36","guid":{"rendered":"https:\/\/catero.esai.sv\/?page_id=115"},"modified":"2024-06-29T21:13:45","modified_gmt":"2024-06-29T21:13:45","slug":"de-geoinformatica","status":"publish","type":"page","link":"https:\/\/catero.esai.sv\/index.php\/de-geoinformatica\/","title":{"rendered":"De Geoinform\u00e1tica"},"content":{"rendered":"\n<div class=\"wp-block-stackable-heading alignfull stk-block-heading stk-block-heading--v2 stk-block stk-ada1ee0 stk-block-background stk--has-background-overlay\" id=\"directorado-de-geoinformatica\" data-block-id=\"ada1ee0\"><style>.stk-ada1ee0{background-color:radial-gradient(circle 248px at center,#16d9e3 0%,#30c7ec 47%,#46aef7 100%) !important;min-height:200px !important;align-items:flex-end !important;display:flex !important}.stk-ada1ee0:before{background-image:radial-gradient(circle 248px at center,#16d9e3 0%,#30c7ec 47%,#46aef7 100%) !important}<\/style><h1 class=\"stk-block-heading__text has-text-align-center\">Directorado de Geoinform\u00e1tica<\/h1><\/div>\n\n\n\n<div class=\"wp-block-stackable-columns alignfull stk-block-columns stk-block stk-69426c1\" data-block-id=\"69426c1\"><style>.stk-69426c1{padding-top:80px !important;padding-bottom:80px !important}<\/style><div class=\"stk-row stk-inner-blocks stk-block-content stk-content-align stk-69426c1-column\">\n<div class=\"wp-block-stackable-column stk-block-column stk-column stk-block stk-c92eebc\" data-v=\"4\" data-block-id=\"c92eebc\"><div class=\"stk-column-wrapper stk-block-column__content stk-container stk-c92eebc-container stk--no-background stk--no-padding\"><div class=\"stk-block-content stk-inner-blocks stk-c92eebc-inner-blocks\">\n<div class=\"wp-block-stackable-text stk-block-text stk-block stk-ffc4bfc\" data-block-id=\"ffc4bfc\"><style>.stk-ffc4bfc{margin-bottom:48px !important}.stk-ffc4bfc .stk-block-text__text{font-size:20px !important;color:#000000 !important}@media screen and (max-width:1023px){.stk-ffc4bfc .stk-block-text__text{font-size:20px !important}}<\/style><p class=\"stk-block-text__text has-text-color has-text-align-center\">Este Directorado\u00a0tiene una oferta educativa integral que incluye cursos especializados en diferentes \u00e1reas clave. Entre ellos se encuentran el an\u00e1lisis espacial b\u00e1sico y avanzado, que capacitan a los participantes en t\u00e9cnicas esenciales y avanzadas para entender y manipular datos geoespaciales, identificar patrones espaciales y realizar an\u00e1lisis geogr\u00e1ficos complejos. Adem\u00e1s, el curso de geoinform\u00e1tica aplicada a la gesti\u00f3n ambiental se centra en la aplicaci\u00f3n pr\u00e1ctica de herramientas geoespaciales para la monitorizaci\u00f3n y gesti\u00f3n sostenible de recursos naturales, los cursos de teledetecci\u00f3n y fotogrametr\u00eda proporcionan habilidades espec\u00edficas en el uso de im\u00e1genes satelitales y t\u00e9cnicas de sensores remotos para la adquisici\u00f3n y an\u00e1lisis de datos precisos sobre la superficie terrestre. Estos programas educativos no solo promueven el dominio t\u00e9cnico, sino tambi\u00e9n la aplicaci\u00f3n \u00e9tica y responsable de la tecnolog\u00eda geoespacial en diversas disciplinas, preparando a los profesionales para enfrentar los desaf\u00edos actuales y futuros en el campo de la geoinform\u00e1tica.<\/p><\/div>\n\n\n\n<div class=\"wp-block-stackable-columns stk-block-columns stk-block stk-40a0c85\" data-block-id=\"40a0c85\"><style>.stk-40a0c85-column{--stk-column-gap:10px !important}<\/style><div class=\"stk-row stk-inner-blocks stk-block-content stk-content-align stk-40a0c85-column\">\n<div class=\"wp-block-stackable-column stk-block-column stk-column stk-block stk-f1604e2\" data-v=\"4\" data-block-id=\"f1604e2\"><style>.stk-f1604e2-container{margin-top:0px !important;margin-right:0px !important;margin-bottom:0px !important;margin-left:0px !important}.stk-f1604e2{box-shadow:0px 70px 90px -20px #4849794d !important}@media screen and (min-width:768px) and (max-width:1023px){.stk-f1604e2{flex:var(--stk-flex-grow,1) 1 calc(50% - var(--stk-column-gap,0px) * 1 \/ 2 ) !important}}<\/style><div class=\"stk-column-wrapper stk-block-column__content stk-container stk-f1604e2-container stk--no-background stk--no-padding\"><div class=\"stk-block-content stk-inner-blocks stk-f1604e2-inner-blocks\">\n<div class=\"wp-block-stackable-card stk-block-card stk-block stk-2627ea6 is-style-default\" data-v=\"2\" data-block-id=\"2627ea6\"><style>.stk-2627ea6{box-shadow:none !important}<\/style><div class=\"stk--no-padding stk-container stk-2627ea6-container stk-hover-parent\"><figure class=\"stk-block-card__image stk-img-wrapper stk-image--shape-stretch\"><img loading=\"lazy\" decoding=\"async\" class=\"stk-img wp-image-480\" src=\"https:\/\/catero.esai.sv\/wp-content\/uploads\/2024\/06\/pexels-cottonbro-5473298-scaled.jpg\" width=\"2560\" height=\"1707\" srcset=\"https:\/\/catero.esai.sv\/wp-content\/uploads\/2024\/06\/pexels-cottonbro-5473298-scaled.jpg 2560w, https:\/\/catero.esai.sv\/wp-content\/uploads\/2024\/06\/pexels-cottonbro-5473298-300x200.jpg 300w, https:\/\/catero.esai.sv\/wp-content\/uploads\/2024\/06\/pexels-cottonbro-5473298-1024x683.jpg 1024w, https:\/\/catero.esai.sv\/wp-content\/uploads\/2024\/06\/pexels-cottonbro-5473298-768x512.jpg 768w, https:\/\/catero.esai.sv\/wp-content\/uploads\/2024\/06\/pexels-cottonbro-5473298-1536x1024.jpg 1536w, https:\/\/catero.esai.sv\/wp-content\/uploads\/2024\/06\/pexels-cottonbro-5473298-2048x1365.jpg 2048w\" sizes=\"auto, (max-width: 2560px) 100vw, 2560px\" \/><\/figure><div class=\"stk-container-padding stk-block-card__content\"><div class=\"stk-block-content stk-inner-blocks stk-2627ea6-inner-blocks\">\n<div class=\"wp-block-stackable-heading stk-block-heading stk-block-heading--v2 stk-block stk-455e634\" id=\"font-mstmutation-1-msttexthash-713492-msthash-4482-font-mstmutation-1-msttexthash-1202591-msthash-4395-analisis-espacial-basico-font-font\" data-block-id=\"455e634\"><style>.stk-455e634 .stk-block-heading__text{color:#000000 !important}<\/style><h3 class=\"stk-block-heading__text has-text-color has-text-align-center\"><font _mstmutation=\"1\" _msttexthash=\"713492\" _msthash=\"4482\"><font _mstmutation=\"1\" _msttexthash=\"1202591\" _msthash=\"4395\">AN\u00c1LISIS ESPACIAL B\u00c1SICO<\/font><\/font><\/h3><\/div>\n\n\n\n<div class=\"wp-block-stackable-text stk-block-text stk-block stk-7cb79eb\" data-block-id=\"7cb79eb\"><style>.stk-7cb79eb{margin-bottom:105px !important}<\/style><p class=\"stk-block-text__text has-text-align-justify\">Este curso suele combinar teor\u00eda con aplicaciones pr\u00e1cticas mediante ejercicios y proyectos que permiten a los participantes adquirir competencias b\u00e1sicas para manipular y analizar datos geoespaciales de manera efectiva, contribuyendo as\u00ed a la comprensi\u00f3n y resoluci\u00f3n de problemas en entornos geogr\u00e1ficos diversos.<\/p><\/div>\n\n\n\n<div class=\"wp-block-stackable-button-group stk-block-button-group stk-block stk-875dbd5\" data-block-id=\"875dbd5\"><div class=\"stk-row stk-inner-blocks has-text-align-center stk-block-content stk-button-group\">\n<div class=\"wp-block-stackable-button stk-block-button has-text-align-center stk-block stk-6c0aae5\" data-block-id=\"6c0aae5\"><a class=\"stk-link stk-button stk--hover-effect-darken\" href=\"https:\/\/learning.esai.sv\/\"><span class=\"stk-button__inner-text\">Comprar<\/span><\/a><\/div>\n<\/div><\/div>\n<\/div><\/div><\/div><\/div>\n<\/div><\/div><\/div>\n\n\n\n<div class=\"wp-block-stackable-column stk-block-column stk-column stk-block stk-269cdf0\" data-v=\"4\" data-block-id=\"269cdf0\"><style>.stk-269cdf0-container{margin-top:0px !important;margin-right:0px !important;margin-bottom:0px !important;margin-left:0px !important}.stk-269cdf0{box-shadow:0px 70px 90px -20px #4849794d !important}@media screen and (min-width:768px) and (max-width:1023px){.stk-269cdf0{flex:var(--stk-flex-grow,1) 1 calc(50% - var(--stk-column-gap,0px) * 1 \/ 2 ) !important}}<\/style><div class=\"stk-column-wrapper stk-block-column__content stk-container stk-269cdf0-container stk--no-background stk--no-padding\"><div class=\"stk-block-content stk-inner-blocks stk-269cdf0-inner-blocks\">\n<div class=\"wp-block-stackable-card stk-block-card stk-block stk-e55a407 is-style-default\" data-v=\"2\" data-block-id=\"e55a407\"><style>.stk-e55a407{box-shadow:none !important}<\/style><div class=\"stk--no-padding stk-container stk-e55a407-container stk-hover-parent\"><figure class=\"stk-block-card__image stk-img-wrapper stk-image--shape-stretch\"><img loading=\"lazy\" decoding=\"async\" class=\"stk-img wp-image-481\" src=\"https:\/\/catero.esai.sv\/wp-content\/uploads\/2024\/06\/pexels-thisisengineering-3862379-scaled.jpg\" width=\"2560\" height=\"1708\" srcset=\"https:\/\/catero.esai.sv\/wp-content\/uploads\/2024\/06\/pexels-thisisengineering-3862379-scaled.jpg 2560w, https:\/\/catero.esai.sv\/wp-content\/uploads\/2024\/06\/pexels-thisisengineering-3862379-300x200.jpg 300w, https:\/\/catero.esai.sv\/wp-content\/uploads\/2024\/06\/pexels-thisisengineering-3862379-1024x683.jpg 1024w, https:\/\/catero.esai.sv\/wp-content\/uploads\/2024\/06\/pexels-thisisengineering-3862379-768x512.jpg 768w, https:\/\/catero.esai.sv\/wp-content\/uploads\/2024\/06\/pexels-thisisengineering-3862379-1536x1025.jpg 1536w, https:\/\/catero.esai.sv\/wp-content\/uploads\/2024\/06\/pexels-thisisengineering-3862379-2048x1366.jpg 2048w\" sizes=\"auto, (max-width: 2560px) 100vw, 2560px\" \/><\/figure><div class=\"stk-container-padding stk-block-card__content\"><div class=\"stk-block-content stk-inner-blocks stk-e55a407-inner-blocks\">\n<div class=\"wp-block-stackable-heading stk-block-heading stk-block-heading--v2 stk-block stk-2985007\" id=\"font-mstmutation-1-msttexthash-713492-msthash-4482-analisis-espacial-avanzado-font\" data-block-id=\"2985007\"><style>.stk-2985007 .stk-block-heading__text{color:#000000 !important}<\/style><h3 class=\"stk-block-heading__text has-text-color has-text-align-center\"><font _mstmutation=\"1\" _msttexthash=\"713492\" _msthash=\"4482\">AN\u00c1LISIS ESPACIAL AVANZADO<\/font><\/h3><\/div>\n\n\n\n<div class=\"wp-block-stackable-text stk-block-text stk-block stk-9ce5e28\" data-block-id=\"9ce5e28\"><style>.stk-9ce5e28{margin-bottom:131px !important}<\/style><p class=\"stk-block-text__text has-text-align-justify\">El an\u00e1lisis espacial avanzado permite a los profesionales en GIS abordar problemas m\u00e1s complejos y din\u00e1micos mediante el uso de t\u00e9cnicas avanzadas y herramientas especializadas, facilitando la toma de decisiones estrat\u00e9gicas y la resoluci\u00f3n de problemas en diversos campos y sectores.<\/p><\/div>\n\n\n\n<div class=\"wp-block-stackable-button-group stk-block-button-group stk-block stk-17afa8d\" data-block-id=\"17afa8d\"><div class=\"stk-row stk-inner-blocks has-text-align-center stk-block-content stk-button-group\">\n<div class=\"wp-block-stackable-button stk-block-button has-text-align-center stk-block stk-3fbfaad\" data-block-id=\"3fbfaad\"><a class=\"stk-link stk-button stk--hover-effect-darken\" href=\"https:\/\/learning.esai.sv\/\"><span class=\"stk-button__inner-text\">Comprar<\/span><\/a><\/div>\n<\/div><\/div>\n<\/div><\/div><\/div><\/div>\n<\/div><\/div><\/div>\n\n\n\n<div class=\"wp-block-stackable-column stk-block-column stk-column stk-block stk-a8b37ae\" data-v=\"4\" data-block-id=\"a8b37ae\"><style>.stk-a8b37ae-container{margin-top:0px !important;margin-right:0px !important;margin-bottom:0px !important;margin-left:0px !important}.stk-a8b37ae{box-shadow:0px 70px 90px -20px #4849794d !important}@media screen and (min-width:768px) and (max-width:1023px){.stk-a8b37ae{flex:var(--stk-flex-grow,1) 1 calc(100% - var(--stk-column-gap,0px) * 0 \/ 1 ) !important}}<\/style><div class=\"stk-column-wrapper stk-block-column__content stk-container stk-a8b37ae-container stk--no-background stk--no-padding\"><div class=\"stk-block-content stk-inner-blocks stk-a8b37ae-inner-blocks\">\n<div class=\"wp-block-stackable-card stk-block-card stk-block stk-295c105 is-style-default\" data-v=\"2\" data-block-id=\"295c105\"><style>.stk-295c105{box-shadow:none !important}.stk-295c105 .stk-block-card__content{padding-top:32px !important;padding-right:32px !important;padding-bottom:32px !important;padding-left:32px !important}<\/style><div class=\"stk--no-padding stk-container stk-295c105-container stk-hover-parent\"><figure class=\"stk-block-card__image stk-img-wrapper stk-image--shape-stretch\"><img loading=\"lazy\" decoding=\"async\" class=\"stk-img wp-image-482\" src=\"https:\/\/catero.esai.sv\/wp-content\/uploads\/2024\/06\/Teledeteccion-satelital.jpg\" width=\"800\" height=\"579\" srcset=\"https:\/\/catero.esai.sv\/wp-content\/uploads\/2024\/06\/Teledeteccion-satelital.jpg 800w, https:\/\/catero.esai.sv\/wp-content\/uploads\/2024\/06\/Teledeteccion-satelital-300x217.jpg 300w, https:\/\/catero.esai.sv\/wp-content\/uploads\/2024\/06\/Teledeteccion-satelital-768x556.jpg 768w\" sizes=\"auto, (max-width: 800px) 100vw, 800px\" \/><\/figure><div class=\"stk-container-padding stk-block-card__content\"><div class=\"stk-block-content stk-inner-blocks stk-295c105-inner-blocks\">\n<div class=\"wp-block-stackable-heading stk-block-heading stk-block-heading--v2 stk-block stk-01279af\" id=\"font-mstmutation-1-msttexthash-1232972-msthash-4563-teledeteccion-y-fotogrametria-font\" data-block-id=\"01279af\"><style>.stk-01279af .stk-block-heading__text{color:#000000 !important}<\/style><h3 class=\"stk-block-heading__text has-text-color has-text-align-center\"><font _mstmutation=\"1\" _msttexthash=\"1232972\" _msthash=\"4563\">TELEDETECCI\u00d3N Y FOTOGRAMETR\u00cdA<\/font><\/h3><\/div>\n\n\n\n<div class=\"wp-block-stackable-text stk-block-text stk-block stk-3e5747b\" data-block-id=\"3e5747b\"><p class=\"stk-block-text__text has-text-align-justify\">Este curso combina teor\u00eda y pr\u00e1ctica para equipar a los participantes con las competencias necesarias para utilizar la teledetecci\u00f3n y la fotogrametr\u00eda en el an\u00e1lisis geoespacial, la gesti\u00f3n de recursos y la soluci\u00f3n de problemas ambientales complejos. Los estudiantes aprender\u00e1n a manejar y procesar datos de sensores remotos y a aplicar t\u00e9cnicas fotogram\u00e9tricas para generar modelos precisos del terreno y an\u00e1lisis ambientales.<\/p><\/div>\n\n\n\n<div class=\"wp-block-stackable-button-group stk-block-button-group stk-block stk-d53cc2d\" data-block-id=\"d53cc2d\"><div class=\"stk-row stk-inner-blocks has-text-align-center stk-block-content stk-button-group\">\n<div class=\"wp-block-stackable-button stk-block-button stk-block stk-aefeb12\" data-block-id=\"aefeb12\"><a class=\"stk-link stk-button stk--hover-effect-darken\" href=\"https:\/\/learning.esai.sv\/\"><span class=\"stk-button__inner-text\">Comprar<\/span><\/a><\/div>\n<\/div><\/div>\n<\/div><\/div><\/div><\/div>\n<\/div><\/div><\/div>\n<\/div><\/div>\n\n\n\n<div class=\"wp-block-stackable-columns stk-block-columns stk-block stk-f90c29d\" data-block-id=\"f90c29d\"><div class=\"stk-row stk-inner-blocks has-text-align-left stk-block-content stk-content-align stk-f90c29d-column\">\n<div class=\"wp-block-stackable-column stk-block-column stk-column stk-block stk-95ffd02\" data-v=\"4\" data-block-id=\"95ffd02\"><style>.stk-95ffd02-container{margin-top:0px !important;margin-right:0px !important;margin-bottom:0px !important;margin-left:0px !important}.stk-95ffd02{box-shadow:0px 70px 90px -20px #4849794d !important}<\/style><div class=\"stk-column-wrapper stk-block-column__content stk-container stk-95ffd02-container stk--no-background stk--no-padding\"><div class=\"stk-block-content stk-inner-blocks stk-95ffd02-inner-blocks\">\n<div class=\"wp-block-stackable-card aligncenter stk-block-card stk-block stk-ac2bc6e is-style-default\" data-v=\"2\" data-block-id=\"ac2bc6e\"><div class=\"stk--no-padding stk-container stk-ac2bc6e-container stk-hover-parent\"><figure class=\"stk-block-card__image stk-img-wrapper stk-image--shape-stretch\"><img loading=\"lazy\" decoding=\"async\" class=\"stk-img wp-image-483\" src=\"https:\/\/catero.esai.sv\/wp-content\/uploads\/2024\/06\/pexels-sururi-ballidag-director-318819549-14313194-scaled.jpg\" width=\"2560\" height=\"1707\" srcset=\"https:\/\/catero.esai.sv\/wp-content\/uploads\/2024\/06\/pexels-sururi-ballidag-director-318819549-14313194-scaled.jpg 2560w, https:\/\/catero.esai.sv\/wp-content\/uploads\/2024\/06\/pexels-sururi-ballidag-director-318819549-14313194-300x200.jpg 300w, https:\/\/catero.esai.sv\/wp-content\/uploads\/2024\/06\/pexels-sururi-ballidag-director-318819549-14313194-1024x683.jpg 1024w, https:\/\/catero.esai.sv\/wp-content\/uploads\/2024\/06\/pexels-sururi-ballidag-director-318819549-14313194-768x512.jpg 768w, https:\/\/catero.esai.sv\/wp-content\/uploads\/2024\/06\/pexels-sururi-ballidag-director-318819549-14313194-1536x1024.jpg 1536w, https:\/\/catero.esai.sv\/wp-content\/uploads\/2024\/06\/pexels-sururi-ballidag-director-318819549-14313194-2048x1365.jpg 2048w\" sizes=\"auto, (max-width: 2560px) 100vw, 2560px\" \/><\/figure><div class=\"stk-container-padding stk-block-card__content\"><div class=\"stk-block-content stk-inner-blocks stk-ac2bc6e-inner-blocks\">\n<div class=\"wp-block-stackable-heading stk-block-heading stk-block-heading--v2 stk-block stk-8d77614\" id=\"geoinformatica-aplicada-a-la-gestion-ambiental\" data-block-id=\"8d77614\"><style>.stk-8d77614 .stk-block-heading__text{color:#000000 !important}<\/style><h2 class=\"stk-block-heading__text has-text-color has-text-align-center\">GEOINFORM\u00c1TICA APLICADA A LA GESTI\u00d3N AMBIENTAL<\/h2><\/div>\n\n\n\n<div class=\"wp-block-stackable-text stk-block-text stk-block stk-b84730d\" data-block-id=\"b84730d\"><p class=\"stk-block-text__text has-text-align-justify\">Este curso combina teor\u00eda con ejercicios pr\u00e1cticos y estudios de caso, permitiendo a los participantes aplicar t\u00e9cnicas de geoinform\u00e1tica a problemas ambientales reales. Los estudiantes desarrollar\u00e1n competencias clave en el uso de SIG, teledetecci\u00f3n y modelado ambiental para la gesti\u00f3n efectiva y sostenible de recursos naturales y el medio ambiente.<\/p><\/div>\n\n\n\n<div class=\"wp-block-stackable-button-group stk-block-button-group stk-block stk-383cf9c\" data-block-id=\"383cf9c\"><div class=\"stk-row stk-inner-blocks has-text-align-center stk-block-content stk-button-group\">\n<div class=\"wp-block-stackable-button stk-block-button stk-block stk-715da89\" data-block-id=\"715da89\"><a class=\"stk-link stk-button stk--hover-effect-darken\" href=\"https:\/\/learning.esai.sv\/\"><span class=\"stk-button__inner-text\">Comprar<\/span><\/a><\/div>\n<\/div><\/div>\n<\/div><\/div><\/div><\/div>\n<\/div><\/div><\/div>\n\n\n\n<div class=\"wp-block-stackable-column stk-block-column stk-column stk-block stk-1e7f737\" data-v=\"4\" data-block-id=\"1e7f737\"><div class=\"stk-column-wrapper stk-block-column__content stk-container stk-1e7f737-container stk--no-background stk--no-padding\"><div class=\"stk-block-content stk-inner-blocks stk-1e7f737-inner-blocks\"><\/div><\/div><\/div>\n\n\n\n<div class=\"wp-block-stackable-column stk-block-column stk-column stk-block stk-5eff703\" data-v=\"4\" data-block-id=\"5eff703\"><div class=\"stk-column-wrapper stk-block-column__content stk-container stk-5eff703-container stk--no-background stk--no-padding\"><div class=\"stk-block-content stk-inner-blocks stk-5eff703-inner-blocks\"><\/div><\/div><\/div>\n<\/div><\/div>\n<\/div><\/div><\/div>\n<\/div><\/div>\n","protected":false},"excerpt":{"rendered":"<p>Directorado de Geoinform\u00e1tica Este Directorado\u00a0tiene una oferta educativa integral que incluye cursos especializados en diferentes \u00e1reas clave. Entre ellos se encuentran el an\u00e1lisis espacial b\u00e1sico y avanzado, que capacitan a los participantes en t\u00e9cnicas esenciales y avanzadas para entender y manipular datos geoespaciales, identificar patrones espaciales y realizar an\u00e1lisis geogr\u00e1ficos complejos. Adem\u00e1s, el curso de [&hellip;]<\/p>\n","protected":false},"author":1,"featured_media":0,"parent":0,"menu_order":0,"comment_status":"closed","ping_status":"closed","template":"","meta":{"footnotes":""},"class_list":["post-115","page","type-page","status-publish","hentry"],"blocksy_meta":{"has_hero_section":"disabled","vertical_spacing_source":"custom","content_area_spacing":"none","styles_descriptor":{"styles":{"desktop":"","tablet":"","mobile":""},"google_fonts":[],"version":6}},"_links":{"self":[{"href":"https:\/\/catero.esai.sv\/index.php\/wp-json\/wp\/v2\/pages\/115","targetHints":{"allow":["GET"]}}],"collection":[{"href":"https:\/\/catero.esai.sv\/index.php\/wp-json\/wp\/v2\/pages"}],"about":[{"href":"https:\/\/catero.esai.sv\/index.php\/wp-json\/wp\/v2\/types\/page"}],"author":[{"embeddable":true,"href":"https:\/\/catero.esai.sv\/index.php\/wp-json\/wp\/v2\/users\/1"}],"replies":[{"embeddable":true,"href":"https:\/\/catero.esai.sv\/index.php\/wp-json\/wp\/v2\/comments?post=115"}],"version-history":[{"count":12,"href":"https:\/\/catero.esai.sv\/index.php\/wp-json\/wp\/v2\/pages\/115\/revisions"}],"predecessor-version":[{"id":484,"href":"https:\/\/catero.esai.sv\/index.php\/wp-json\/wp\/v2\/pages\/115\/revisions\/484"}],"wp:attachment":[{"href":"https:\/\/catero.esai.sv\/index.php\/wp-json\/wp\/v2\/media?parent=115"}],"curies":[{"name":"wp","href":"https:\/\/api.w.org\/{rel}","templated":true}]}}