{"id":114,"date":"2024-06-11T01:11:36","date_gmt":"2024-06-11T01:11:36","guid":{"rendered":"https:\/\/catero.esai.sv\/?page_id=114"},"modified":"2024-07-11T02:28:53","modified_gmt":"2024-07-11T02:28:53","slug":"de-vehiculos-de-lanzamiento","status":"publish","type":"page","link":"https:\/\/catero.esai.sv\/index.php\/de-vehiculos-de-lanzamiento\/","title":{"rendered":"De Veh\u00edculos de Lanzamiento"},"content":{"rendered":"\n<div class=\"wp-block-stackable-heading alignfull stk-block-heading stk-block-heading--v2 stk-block stk-ada1ee0 stk-block-background stk--has-background-overlay\" id=\"directorado-de-vehiculos-de-lanzamiento\" data-block-id=\"ada1ee0\"><style>.stk-ada1ee0{background-color:radial-gradient(circle 248px at center,#16d9e3 0%,#30c7ec 47%,#46aef7 100%) !important;min-height:200px !important;align-items:flex-end !important;display:flex !important}.stk-ada1ee0:before{background-image:radial-gradient(circle 248px at center,#16d9e3 0%,#30c7ec 47%,#46aef7 100%) !important}<\/style><h1 class=\"stk-block-heading__text has-text-align-center\">Directorado de Veh\u00edculos de Lanzamiento<\/h1><\/div>\n\n\n\n<div class=\"wp-block-stackable-columns alignfull stk-block-columns stk-block stk-69426c1\" data-block-id=\"69426c1\"><style>.stk-69426c1{padding-top:80px !important;padding-bottom:80px !important}<\/style><div class=\"stk-row stk-inner-blocks stk-block-content stk-content-align stk-69426c1-column\">\n<div class=\"wp-block-stackable-column stk-block-column stk-column stk-block stk-c92eebc\" data-v=\"4\" data-block-id=\"c92eebc\"><div class=\"stk-column-wrapper stk-block-column__content stk-container stk-c92eebc-container stk--no-background stk--no-padding\"><div class=\"stk-block-content stk-inner-blocks stk-c92eebc-inner-blocks\">\n<div class=\"wp-block-stackable-text stk-block-text stk-block stk-ffc4bfc\" data-block-id=\"ffc4bfc\"><style>.stk-ffc4bfc{margin-bottom:48px !important}.stk-ffc4bfc .stk-block-text__text{font-size:20px !important;color:#000000 !important}@media screen and (max-width:1023px){.stk-ffc4bfc .stk-block-text__text{font-size:20px !important}}<\/style><p class=\"stk-block-text__text has-text-color has-text-align-center\">Este curso se enfoca en el dise\u00f1o, desarrollo y operaci\u00f3n de cohetes y sistemas de lanzamiento. Los participantes explorar\u00e1n los principios de ingenier\u00eda y tecnolog\u00eda detr\u00e1s de los veh\u00edculos de lanzamiento, desde los componentes clave y sistemas de propulsi\u00f3n hasta las estrategias de misi\u00f3n y log\u00edstica de lanzamiento. A trav\u00e9s de clases te\u00f3ricas, estudios de casos y ejercicios pr\u00e1cticos, este curso est\u00e1 dise\u00f1ado para proporcionar una comprensi\u00f3n completa de los desaf\u00edos y soluciones en el \u00e1mbito de los lanzamientos espaciales, preparando a los estudiantes para contribuir de manera efectiva en esta \u00e1rea cr\u00edtica de la exploraci\u00f3n espacial.<\/p><\/div>\n\n\n\n<div class=\"wp-block-stackable-columns stk-block-columns stk-block stk-40a0c85\" data-block-id=\"40a0c85\"><style>.stk-40a0c85-column{--stk-column-gap:10px !important}<\/style><div class=\"stk-row stk-inner-blocks stk-block-content stk-content-align stk-40a0c85-column\">\n<div class=\"wp-block-stackable-column stk-block-column stk-column stk-block stk-f1604e2\" data-v=\"4\" data-block-id=\"f1604e2\"><style>.stk-f1604e2-container{margin-top:0px !important;margin-right:0px !important;margin-bottom:0px !important;margin-left:0px !important}.stk-f1604e2{box-shadow:0px 70px 90px -20px #4849794d !important}@media screen and (min-width:768px) and (max-width:1023px){.stk-f1604e2{flex:var(--stk-flex-grow,1) 1 calc(50% - var(--stk-column-gap,0px) * 1 \/ 2 ) !important}}<\/style><div class=\"stk-column-wrapper stk-block-column__content stk-container stk-f1604e2-container stk--no-background stk--no-padding\"><div class=\"stk-block-content stk-inner-blocks stk-f1604e2-inner-blocks\">\n<div class=\"wp-block-stackable-card stk-block-card stk-block stk-2627ea6 is-style-default\" data-v=\"2\" data-block-id=\"2627ea6\"><style>.stk-2627ea6{box-shadow:none !important}<\/style><div class=\"stk--no-padding stk-container stk-2627ea6-container stk-hover-parent\"><figure class=\"stk-block-card__image stk-img-wrapper stk-image--shape-stretch\"><img loading=\"lazy\" decoding=\"async\" class=\"stk-img wp-image-581\" src=\"https:\/\/catero.esai.sv\/wp-content\/uploads\/2024\/07\/Space-hayley-1220px.jpg\" width=\"1220\" height=\"732\" srcset=\"https:\/\/catero.esai.sv\/wp-content\/uploads\/2024\/07\/Space-hayley-1220px.jpg 1220w, https:\/\/catero.esai.sv\/wp-content\/uploads\/2024\/07\/Space-hayley-1220px-300x180.jpg 300w, https:\/\/catero.esai.sv\/wp-content\/uploads\/2024\/07\/Space-hayley-1220px-1024x614.jpg 1024w, https:\/\/catero.esai.sv\/wp-content\/uploads\/2024\/07\/Space-hayley-1220px-768x461.jpg 768w\" sizes=\"auto, (max-width: 1220px) 100vw, 1220px\" \/><\/figure><div class=\"stk-container-padding stk-block-card__content\"><div class=\"stk-block-content stk-inner-blocks stk-2627ea6-inner-blocks\">\n<div class=\"wp-block-stackable-heading stk-block-heading stk-block-heading--v2 stk-block stk-455e634\" id=\"font-mstmutation-1-msttexthash-713492-msthash-4482-font-mstmutation-1-msttexthash-1202591-msthash-4395-seguridad-y-regulaciones-en-el-lanzamiento-font-font-espacial\" data-block-id=\"455e634\"><style>.stk-455e634 .stk-block-heading__text{color:#000000 !important}<\/style><h3 class=\"stk-block-heading__text has-text-color has-text-align-center\"><font _mstmutation=\"1\" _msttexthash=\"713492\" _msthash=\"4482\"><font _mstmutation=\"1\" _msttexthash=\"1202591\" _msthash=\"4395\">SEGURIDAD Y REGULACIONES EN EL LANZAMIENTO<\/font><\/font> ESPACIAL<\/h3><\/div>\n\n\n\n<div class=\"wp-block-stackable-text stk-block-text stk-block stk-7cb79eb\" data-block-id=\"7cb79eb\"><style>.stk-7cb79eb{margin-bottom:75px !important}<\/style><p class=\"stk-block-text__text has-text-align-justify\">Este curso proporciona una visi\u00f3n integral de las normas de seguridad y regulaciones que rigen los lanzamientos espaciales. Los participantes aprender\u00e1n sobre los requisitos legales, protocolos de seguridad y procedimientos de cumplimiento necesarios para garantizar operaciones seguras y legales en el \u00e1mbito aeroespacial. A trav\u00e9s de estudios de casos y an\u00e1lisis de normativas internacionales, el curso prepara a los estudiantes para navegar y aplicar las regulaciones en la planificaci\u00f3n y ejecuci\u00f3n de misiones espaciales.<\/p><\/div>\n\n\n\n<div class=\"wp-block-stackable-button-group stk-block-button-group stk-block stk-875dbd5\" data-block-id=\"875dbd5\"><div class=\"stk-row stk-inner-blocks has-text-align-center stk-block-content stk-button-group\">\n<div class=\"wp-block-stackable-button stk-block-button has-text-align-center stk-block stk-6c0aae5\" data-block-id=\"6c0aae5\"><a class=\"stk-link stk-button stk--hover-effect-darken\" href=\"https:\/\/learning.esai.sv\/\"><span class=\"stk-button__inner-text\">Comprar<\/span><\/a><\/div>\n<\/div><\/div>\n<\/div><\/div><\/div><\/div>\n<\/div><\/div><\/div>\n\n\n\n<div class=\"wp-block-stackable-column stk-block-column stk-column stk-block stk-269cdf0\" data-v=\"4\" data-block-id=\"269cdf0\"><style>.stk-269cdf0-container{margin-top:0px !important;margin-right:0px !important;margin-bottom:0px !important;margin-left:0px !important}.stk-269cdf0{box-shadow:0px 70px 90px -20px #4849794d !important}@media screen and (min-width:768px) and (max-width:1023px){.stk-269cdf0{flex:var(--stk-flex-grow,1) 1 calc(50% - var(--stk-column-gap,0px) * 1 \/ 2 ) !important}}<\/style><div class=\"stk-column-wrapper stk-block-column__content stk-container stk-269cdf0-container stk--no-background stk--no-padding\"><div class=\"stk-block-content stk-inner-blocks stk-269cdf0-inner-blocks\">\n<div class=\"wp-block-stackable-card stk-block-card stk-block stk-e55a407 is-style-default\" data-v=\"2\" data-block-id=\"e55a407\"><style>.stk-e55a407{box-shadow:none !important}<\/style><div class=\"stk--no-padding stk-container stk-e55a407-container stk-hover-parent\"><figure class=\"stk-block-card__image stk-img-wrapper stk-image--shape-stretch\"><img loading=\"lazy\" decoding=\"async\" class=\"stk-img wp-image-580\" src=\"https:\/\/catero.esai.sv\/wp-content\/uploads\/2024\/07\/pexels-fauxels-3183186-scaled.jpg\" width=\"2560\" height=\"1707\" srcset=\"https:\/\/catero.esai.sv\/wp-content\/uploads\/2024\/07\/pexels-fauxels-3183186-scaled.jpg 2560w, https:\/\/catero.esai.sv\/wp-content\/uploads\/2024\/07\/pexels-fauxels-3183186-300x200.jpg 300w, https:\/\/catero.esai.sv\/wp-content\/uploads\/2024\/07\/pexels-fauxels-3183186-1024x683.jpg 1024w, https:\/\/catero.esai.sv\/wp-content\/uploads\/2024\/07\/pexels-fauxels-3183186-768x512.jpg 768w, https:\/\/catero.esai.sv\/wp-content\/uploads\/2024\/07\/pexels-fauxels-3183186-1536x1024.jpg 1536w, https:\/\/catero.esai.sv\/wp-content\/uploads\/2024\/07\/pexels-fauxels-3183186-2048x1365.jpg 2048w\" sizes=\"auto, (max-width: 2560px) 100vw, 2560px\" \/><\/figure><div class=\"stk-container-padding stk-block-card__content\"><div class=\"stk-block-content stk-inner-blocks stk-e55a407-inner-blocks\">\n<div class=\"wp-block-stackable-heading stk-block-heading stk-block-heading--v2 stk-block stk-2985007\" id=\"font-mstmutation-1-msttexthash-713492-msthash-4482-gestion-de-proyectos-de-lanzamiento-font-espacial\" data-block-id=\"2985007\"><style>.stk-2985007 .stk-block-heading__text{color:#000000 !important}<\/style><h3 class=\"stk-block-heading__text has-text-color has-text-align-center\"><font _mstmutation=\"1\" _msttexthash=\"713492\" _msthash=\"4482\">GESTI\u00d3N DE PROYECTOS DE LANZAMIENTO<\/font> ESPACIAL<\/h3><\/div>\n\n\n\n<div class=\"wp-block-stackable-text stk-block-text stk-block stk-9ce5e28\" data-block-id=\"9ce5e28\"><p class=\"stk-block-text__text has-text-align-justify\">Este curso proporciona una comprensi\u00f3n integral de la gesti\u00f3n de proyectos espec\u00edficos para lanzamientos espaciales. Los participantes aprender\u00e1n a planificar, coordinar y ejecutar proyectos de lanzamiento, abordando aspectos clave como la gesti\u00f3n de recursos, el cumplimiento de plazos, la evaluaci\u00f3n de riesgos y la coordinaci\u00f3n de equipos multidisciplinarios. Con un enfoque pr\u00e1ctico y basado en estudios de caso de misiones reales, el curso est\u00e1 dise\u00f1ado para equipar a los futuros gestores de proyectos espaciales con las habilidades necesarias para liderar y garantizar el \u00e9xito de las misiones de lanzamiento.<\/p><\/div>\n\n\n\n<div class=\"wp-block-stackable-button-group stk-block-button-group stk-block stk-17afa8d\" data-block-id=\"17afa8d\"><div class=\"stk-row stk-inner-blocks has-text-align-center stk-block-content stk-button-group\">\n<div class=\"wp-block-stackable-button stk-block-button has-text-align-center stk-block stk-3fbfaad\" data-block-id=\"3fbfaad\"><a class=\"stk-link stk-button stk--hover-effect-darken\" href=\"https:\/\/learning.esai.sv\/\"><span class=\"stk-button__inner-text\">Comprar<\/span><\/a><\/div>\n<\/div><\/div>\n<\/div><\/div><\/div><\/div>\n<\/div><\/div><\/div>\n\n\n\n<div class=\"wp-block-stackable-column stk-block-column stk-column stk-block stk-a8b37ae\" data-v=\"4\" data-block-id=\"a8b37ae\"><style>.stk-a8b37ae-container{margin-top:0px !important;margin-right:0px !important;margin-bottom:0px !important;margin-left:0px !important}.stk-a8b37ae{box-shadow:0px 70px 90px -20px #4849794d !important}@media screen and (min-width:768px) and (max-width:1023px){.stk-a8b37ae{flex:var(--stk-flex-grow,1) 1 calc(100% - var(--stk-column-gap,0px) * 0 \/ 1 ) !important}}<\/style><div class=\"stk-column-wrapper stk-block-column__content stk-container stk-a8b37ae-container stk--no-background stk--no-padding\"><div class=\"stk-block-content stk-inner-blocks stk-a8b37ae-inner-blocks\">\n<div class=\"wp-block-stackable-card stk-block-card stk-block stk-295c105 is-style-default\" data-v=\"2\" data-block-id=\"295c105\"><style>.stk-295c105{box-shadow:none !important}.stk-295c105 .stk-block-card__content{padding-top:32px !important;padding-right:32px !important;padding-bottom:32px !important;padding-left:32px !important}.stk-295c105 .stk-block-card__image img{object-position:49% 13% !important}<\/style><div class=\"stk--no-padding stk-container stk-295c105-container stk-hover-parent\"><figure class=\"stk-block-card__image stk-img-wrapper stk-image--shape-stretch\"><img loading=\"lazy\" decoding=\"async\" class=\"stk-img wp-image-583\" src=\"https:\/\/catero.esai.sv\/wp-content\/uploads\/2024\/07\/R-1.jpg\" width=\"900\" height=\"786\" srcset=\"https:\/\/catero.esai.sv\/wp-content\/uploads\/2024\/07\/R-1.jpg 900w, https:\/\/catero.esai.sv\/wp-content\/uploads\/2024\/07\/R-1-300x262.jpg 300w, https:\/\/catero.esai.sv\/wp-content\/uploads\/2024\/07\/R-1-768x671.jpg 768w\" sizes=\"auto, (max-width: 900px) 100vw, 900px\" \/><\/figure><div class=\"stk-container-padding stk-block-card__content\"><div class=\"stk-block-content stk-inner-blocks stk-295c105-inner-blocks\">\n<div class=\"wp-block-stackable-heading stk-block-heading stk-block-heading--v2 stk-block stk-01279af\" id=\"font-mstmutation-1-msttexthash-1232972-msthash-4563-diseno-y-construccion-de-vehicu-font-los-de-lanzamiento\" data-block-id=\"01279af\"><style>.stk-01279af .stk-block-heading__text{color:#000000 !important}<\/style><h3 class=\"stk-block-heading__text has-text-color has-text-align-center\"><font _mstmutation=\"1\" _msttexthash=\"1232972\" _msthash=\"4563\">DISE\u00d1O Y CONSTRUCCI\u00d3N DE VEH\u00cdCU<\/font>LOS DE LANZAMIENTO<\/h3><\/div>\n\n\n\n<div class=\"wp-block-stackable-text stk-block-text stk-block stk-3e5747b\" data-block-id=\"3e5747b\"><style>.stk-3e5747b{margin-bottom:50px !important}<\/style><p class=\"stk-block-text__text has-text-align-justify\">Este curso abarca los fundamentos y avances en el dise\u00f1o y construcci\u00f3n de veh\u00edculos de lanzamiento. Los participantes aprender\u00e1n sobre la ingenier\u00eda de cohetes, incluyendo la aerodin\u00e1mica, los sistemas de propulsi\u00f3n, y los materiales utilizados. Adem\u00e1s, se explorar\u00e1n las fases de desarrollo, desde la conceptualizaci\u00f3n y dise\u00f1o hasta la fabricaci\u00f3n y pruebas de vuelo. A trav\u00e9s de un enfoque pr\u00e1ctico y te\u00f3rico, el curso prepara a los estudiantes para enfrentar los desaf\u00edos t\u00e9cnicos y log\u00edsticos en la creaci\u00f3n de veh\u00edculos de lanzamiento eficientes y seguros.<\/p><\/div>\n\n\n\n<div class=\"wp-block-stackable-button-group stk-block-button-group stk-block stk-d53cc2d\" data-block-id=\"d53cc2d\"><div class=\"stk-row stk-inner-blocks has-text-align-center stk-block-content stk-button-group\">\n<div class=\"wp-block-stackable-button stk-block-button stk-block stk-aefeb12\" data-block-id=\"aefeb12\"><a class=\"stk-link stk-button stk--hover-effect-darken\" href=\"https:\/\/learning.esai.sv\/\"><span class=\"stk-button__inner-text\">Comprar<\/span><\/a><\/div>\n<\/div><\/div>\n<\/div><\/div><\/div><\/div>\n<\/div><\/div><\/div>\n<\/div><\/div>\n\n\n\n<div class=\"wp-block-stackable-columns stk-block-columns stk-block stk-f90c29d\" data-block-id=\"f90c29d\"><div class=\"stk-row stk-inner-blocks has-text-align-left stk-block-content stk-content-align stk-f90c29d-column\">\n<div class=\"wp-block-stackable-column stk-block-column stk-column stk-block stk-95ffd02\" data-v=\"4\" data-block-id=\"95ffd02\"><style>.stk-95ffd02-container{margin-top:0px !important;margin-right:0px !important;margin-bottom:0px !important;margin-left:0px !important}.stk-95ffd02{box-shadow:0px 70px 90px -20px #4849794d !important}<\/style><div class=\"stk-column-wrapper stk-block-column__content stk-container stk-95ffd02-container stk--no-background stk--no-padding\"><div class=\"has-text-align-center stk-block-content stk-inner-blocks stk-95ffd02-inner-blocks\"><\/div><\/div><\/div>\n\n\n\n<div class=\"wp-block-stackable-column stk-block-column stk-column stk-block stk-1e7f737\" data-v=\"4\" data-block-id=\"1e7f737\"><div class=\"stk-column-wrapper stk-block-column__content stk-container stk-1e7f737-container stk--no-background stk--no-padding\"><div class=\"stk-block-content stk-inner-blocks stk-1e7f737-inner-blocks\"><\/div><\/div><\/div>\n\n\n\n<div class=\"wp-block-stackable-column stk-block-column stk-column stk-block stk-5eff703\" data-v=\"4\" data-block-id=\"5eff703\"><div class=\"stk-column-wrapper stk-block-column__content stk-container stk-5eff703-container stk--no-background stk--no-padding\"><div class=\"stk-block-content stk-inner-blocks stk-5eff703-inner-blocks\"><\/div><\/div><\/div>\n<\/div><\/div>\n<\/div><\/div><\/div>\n<\/div><\/div>\n","protected":false},"excerpt":{"rendered":"<p>Directorado de Veh\u00edculos de Lanzamiento Este curso se enfoca en el dise\u00f1o, desarrollo y operaci\u00f3n de cohetes y sistemas de lanzamiento. Los participantes explorar\u00e1n los principios de ingenier\u00eda y tecnolog\u00eda detr\u00e1s de los veh\u00edculos de lanzamiento, desde los componentes clave y sistemas de propulsi\u00f3n hasta las estrategias de misi\u00f3n y log\u00edstica de lanzamiento. A trav\u00e9s [&hellip;]<\/p>\n","protected":false},"author":1,"featured_media":0,"parent":0,"menu_order":0,"comment_status":"closed","ping_status":"closed","template":"","meta":{"footnotes":""},"class_list":["post-114","page","type-page","status-publish","hentry"],"blocksy_meta":{"has_hero_section":"disabled","vertical_spacing_source":"custom","content_area_spacing":"none","styles_descriptor":{"styles":{"desktop":"","tablet":"","mobile":""},"google_fonts":[],"version":6}},"_links":{"self":[{"href":"https:\/\/catero.esai.sv\/index.php\/wp-json\/wp\/v2\/pages\/114","targetHints":{"allow":["GET"]}}],"collection":[{"href":"https:\/\/catero.esai.sv\/index.php\/wp-json\/wp\/v2\/pages"}],"about":[{"href":"https:\/\/catero.esai.sv\/index.php\/wp-json\/wp\/v2\/types\/page"}],"author":[{"embeddable":true,"href":"https:\/\/catero.esai.sv\/index.php\/wp-json\/wp\/v2\/users\/1"}],"replies":[{"embeddable":true,"href":"https:\/\/catero.esai.sv\/index.php\/wp-json\/wp\/v2\/comments?post=114"}],"version-history":[{"count":11,"href":"https:\/\/catero.esai.sv\/index.php\/wp-json\/wp\/v2\/pages\/114\/revisions"}],"predecessor-version":[{"id":589,"href":"https:\/\/catero.esai.sv\/index.php\/wp-json\/wp\/v2\/pages\/114\/revisions\/589"}],"wp:attachment":[{"href":"https:\/\/catero.esai.sv\/index.php\/wp-json\/wp\/v2\/media?parent=114"}],"curies":[{"name":"wp","href":"https:\/\/api.w.org\/{rel}","templated":true}]}}