{"id":113,"date":"2024-06-11T01:11:36","date_gmt":"2024-06-11T01:11:36","guid":{"rendered":"https:\/\/catero.esai.sv\/?page_id=113"},"modified":"2024-07-01T21:06:06","modified_gmt":"2024-07-01T21:06:06","slug":"de-vehiculos-aereos","status":"publish","type":"page","link":"https:\/\/catero.esai.sv\/index.php\/de-vehiculos-aereos\/","title":{"rendered":"De Veh\u00edculos A\u00e9reos"},"content":{"rendered":"\n<div class=\"wp-block-stackable-heading alignfull stk-block-heading stk-block-heading--v2 stk-block stk-ada1ee0 stk-block-background stk--has-background-overlay\" id=\"directorado-de-vehiculos-aereos\" data-block-id=\"ada1ee0\"><style>.stk-ada1ee0{background-color:radial-gradient(circle 248px at center,#16d9e3 0%,#30c7ec 47%,#46aef7 100%) !important;min-height:200px !important;align-items:flex-end !important;display:flex !important}.stk-ada1ee0:before{background-image:radial-gradient(circle 248px at center,#16d9e3 0%,#30c7ec 47%,#46aef7 100%) !important}<\/style><h1 class=\"stk-block-heading__text has-text-align-center\">Directorado de Veh\u00edculos A\u00e9reos<\/h1><\/div>\n\n\n\n<div class=\"wp-block-stackable-columns alignfull stk-block-columns stk-block stk-69426c1\" data-block-id=\"69426c1\"><style>.stk-69426c1{padding-top:80px !important;padding-bottom:80px !important}<\/style><div class=\"stk-row stk-inner-blocks stk-block-content stk-content-align stk-69426c1-column\">\n<div class=\"wp-block-stackable-column stk-block-column stk-column stk-block stk-c92eebc\" data-v=\"4\" data-block-id=\"c92eebc\"><div class=\"stk-column-wrapper stk-block-column__content stk-container stk-c92eebc-container stk--no-background stk--no-padding\"><div class=\"stk-block-content stk-inner-blocks stk-c92eebc-inner-blocks\">\n<div class=\"wp-block-stackable-text stk-block-text stk-block stk-ffc4bfc\" data-block-id=\"ffc4bfc\"><style>.stk-ffc4bfc{margin-bottom:48px !important}.stk-ffc4bfc .stk-block-text__text{font-size:20px !important;color:#000000 !important}@media screen and (max-width:1023px){.stk-ffc4bfc .stk-block-text__text{font-size:20px !important}}<\/style><p class=\"stk-block-text__text has-text-color has-text-align-center\">Este directorio est\u00e1 dedicado a los Veh\u00edculos A\u00e9reos No Tripulados (VANT), tambi\u00e9n conocidos como UAV (Unmanned Aerial Vehicle) y RPAS (Remotely Piloted Aircraft System), com\u00fanmente referidos como drones. Proporciona una visi\u00f3n completa sobre el manejo, la innovaci\u00f3n de estas aeronaves sin tripulaci\u00f3n, y sus aplicaciones en diversos sectores econ\u00f3micos. Tambi\u00e9n incluye casos de estudio y material audiovisual detallado.<\/p><\/div>\n\n\n\n<div class=\"wp-block-stackable-columns stk-block-columns stk-block stk-40a0c85\" data-block-id=\"40a0c85\"><style>.stk-40a0c85-column{--stk-column-gap:10px !important}<\/style><div class=\"stk-row stk-inner-blocks stk-block-content stk-content-align stk-40a0c85-column\">\n<div class=\"wp-block-stackable-column stk-block-column stk-column stk-block stk-f8845a4\" data-v=\"4\" data-block-id=\"f8845a4\"><style>.stk-f8845a4-container{margin-top:0px !important;margin-right:0px !important;margin-bottom:0px !important;margin-left:0px !important}.stk-f8845a4{box-shadow:0px 70px 90px -20px #4849794d !important}@media screen and (min-width:768px) and (max-width:1023px){.stk-f8845a4{flex:var(--stk-flex-grow,1) 1 calc(50% - var(--stk-column-gap,0px) * 1 \/ 2 ) !important}}<\/style><div class=\"stk-column-wrapper stk-block-column__content stk-container stk-f8845a4-container stk--no-background stk--no-padding\"><div class=\"stk-block-content stk-inner-blocks stk-f8845a4-inner-blocks\">\n<div class=\"wp-block-stackable-card stk-block-card stk-block stk-cdfb890 is-style-default\" data-v=\"2\" data-block-id=\"cdfb890\"><style>.stk-cdfb890-inner-blocks{align-items:center !important}.stk-cdfb890{box-shadow:none !important;padding-top:0px !important;padding-right:0px !important;padding-bottom:0px !important;padding-left:0px !important}.stk-cdfb890 .stk-block-card__content{padding-top:32px !important;padding-right:32px !important;padding-bottom:32px !important;padding-left:32px !important}<\/style><div class=\"stk--no-padding stk-container stk-cdfb890-container stk-hover-parent\"><figure class=\"stk-block-card__image stk-img-wrapper stk-image--shape-stretch\"><img loading=\"lazy\" decoding=\"async\" class=\"stk-img wp-image-436\" src=\"https:\/\/catero.esai.sv\/wp-content\/uploads\/2024\/06\/pexels-peterfazekas-997130-scaled.jpg\" width=\"2560\" height=\"1707\" srcset=\"https:\/\/catero.esai.sv\/wp-content\/uploads\/2024\/06\/pexels-peterfazekas-997130-scaled.jpg 2560w, https:\/\/catero.esai.sv\/wp-content\/uploads\/2024\/06\/pexels-peterfazekas-997130-300x200.jpg 300w, https:\/\/catero.esai.sv\/wp-content\/uploads\/2024\/06\/pexels-peterfazekas-997130-1024x683.jpg 1024w, https:\/\/catero.esai.sv\/wp-content\/uploads\/2024\/06\/pexels-peterfazekas-997130-768x512.jpg 768w, https:\/\/catero.esai.sv\/wp-content\/uploads\/2024\/06\/pexels-peterfazekas-997130-1536x1024.jpg 1536w, https:\/\/catero.esai.sv\/wp-content\/uploads\/2024\/06\/pexels-peterfazekas-997130-2048x1365.jpg 2048w\" sizes=\"auto, (max-width: 2560px) 100vw, 2560px\" \/><\/figure><div class=\"stk-container-padding stk-block-card__content\"><div class=\"stk-block-content stk-inner-blocks stk--column-flex stk-cdfb890-inner-blocks\">\n<div class=\"wp-block-stackable-heading stk-block-heading stk-block-heading--v2 stk-block stk-e909d51\" id=\"font-mstmutation-1-msttexthash-1202591-msthash-4395-gestion-de-riesgos-y-seguridad-en-operaciones-de-vehiculos-aereos-font\" data-block-id=\"e909d51\"><style>.stk-e909d51{margin-bottom:65px !important}.stk-e909d51 .stk-block-heading__text{color:#000000 !important}<\/style><h3 class=\"stk-block-heading__text has-text-color has-text-align-center\"><font _mstmutation=\"1\" _msttexthash=\"1202591\" _msthash=\"4395\">GESTI\u00d3N DE RIESGOS Y SEGURIDAD EN OPERACIONES DE VEH\u00cdCULOS A\u00c9REOS<\/font><\/h3><\/div>\n\n\n\n<div class=\"wp-block-stackable-text stk-block-text stk-block stk-136f7de\" data-block-id=\"136f7de\"><style>.stk-136f7de{margin-bottom:59px !important}<\/style><p class=\"stk-block-text__text has-text-align-justify\">Este curso se dise\u00f1\u00f3 para comprender los aspectos t\u00e9cnicos y de innovaci\u00f3n en la gesti\u00f3n de riesgos y seguridad para las operaciones de veh\u00edculos a\u00e9reos no tripulados. Los participantes aprender\u00e1n sobre la identificaci\u00f3n y mitigaci\u00f3n de riesgos asociados con el vuelo de UAVs, as\u00ed como sobre las normativas y mejores pr\u00e1cticas de seguridad. T\u00e9cnicamente, el curso cubrir\u00e1 temas como la evaluaci\u00f3n de riesgos operacionales, la planificaci\u00f3n de misiones seguras, la implementaci\u00f3n de protocolos de emergencia, y el uso de tecnolog\u00edas avanzadas como sistemas de detecci\u00f3n y evitaci\u00f3n y software de gesti\u00f3n de riesgos. Adem\u00e1s, se explorar\u00e1n las innovaciones recientes en la industria, como la inteligencia artificial y el aprendizaje autom\u00e1tico para la predicci\u00f3n y gesti\u00f3n de riesgos, y las mejoras en la ciberseguridad para proteger los datos y la integridad de las operaciones de UAV.<\/p><\/div>\n\n\n\n<div class=\"wp-block-stackable-button-group stk-block-button-group stk-block stk-52a2ae1 stk-block-background\" data-block-id=\"52a2ae1\"><style>.stk-52a2ae1{background-color:#00000000 !important}.stk-52a2ae1:before{background-color:#00000000 !important}<\/style><div class=\"stk-row stk-inner-blocks has-text-align-center stk-block-content stk-button-group\">\n<div class=\"wp-block-stackable-button stk-block-button stk-block stk-770096e\" data-block-id=\"770096e\"><a class=\"stk-link stk-button stk--hover-effect-darken\" href=\"https:\/\/learning.esai.sv\/\"><span class=\"stk-button__inner-text\"><font _mstmutation=\"1\" _msttexthash=\"6097\" _msthash=\"10045\">C<\/font><font _mstmutation=\"1\" _msttexthash=\"10101\" _msthash=\"10046\">o<\/font><font _mstmutation=\"1\" _msttexthash=\"9919\" _msthash=\"10049\">m<\/font><font _mstmutation=\"1\" _msttexthash=\"10192\" _msthash=\"10052\">p<\/font><font _mstmutation=\"1\" _msttexthash=\"10374\" _msthash=\"10055\">r<\/font><font _mstmutation=\"1\" _msttexthash=\"20683\" _msthash=\"10058\">a<\/font>r<font _mstmutation=\"1\"><\/font><\/span><\/a><\/div>\n<\/div><\/div>\n<\/div><\/div><\/div><\/div>\n<\/div><\/div><\/div>\n\n\n\n<div class=\"wp-block-stackable-column stk-block-column stk-column stk-block stk-f1604e2\" data-v=\"4\" data-block-id=\"f1604e2\"><style>.stk-f1604e2-container{margin-top:0px !important;margin-right:0px !important;margin-bottom:0px !important;margin-left:0px !important}.stk-f1604e2{box-shadow:0px 70px 90px -20px #4849794d !important}@media screen and (min-width:768px) and (max-width:1023px){.stk-f1604e2{flex:var(--stk-flex-grow,1) 1 calc(50% - var(--stk-column-gap,0px) * 1 \/ 2 ) !important}}<\/style><div class=\"stk-column-wrapper stk-block-column__content stk-container stk-f1604e2-container stk--no-background stk--no-padding\"><div class=\"stk-block-content stk-inner-blocks stk-f1604e2-inner-blocks\">\n<div class=\"wp-block-stackable-card stk-block-card stk-block stk-2627ea6 is-style-default\" data-v=\"2\" data-block-id=\"2627ea6\"><style>.stk-2627ea6{box-shadow:none !important}<\/style><div class=\"stk--no-padding stk-container stk-2627ea6-container stk-hover-parent\"><figure class=\"stk-block-card__image stk-img-wrapper stk-image--shape-stretch\"><img loading=\"lazy\" decoding=\"async\" class=\"stk-img wp-image-439\" src=\"https:\/\/catero.esai.sv\/wp-content\/uploads\/2024\/06\/pexels-arnauld-van-wambeke-8658730-scaled.jpg\" width=\"2560\" height=\"1707\" srcset=\"https:\/\/catero.esai.sv\/wp-content\/uploads\/2024\/06\/pexels-arnauld-van-wambeke-8658730-scaled.jpg 2560w, https:\/\/catero.esai.sv\/wp-content\/uploads\/2024\/06\/pexels-arnauld-van-wambeke-8658730-300x200.jpg 300w, https:\/\/catero.esai.sv\/wp-content\/uploads\/2024\/06\/pexels-arnauld-van-wambeke-8658730-1024x683.jpg 1024w, https:\/\/catero.esai.sv\/wp-content\/uploads\/2024\/06\/pexels-arnauld-van-wambeke-8658730-768x512.jpg 768w, https:\/\/catero.esai.sv\/wp-content\/uploads\/2024\/06\/pexels-arnauld-van-wambeke-8658730-1536x1024.jpg 1536w, https:\/\/catero.esai.sv\/wp-content\/uploads\/2024\/06\/pexels-arnauld-van-wambeke-8658730-2048x1365.jpg 2048w\" sizes=\"auto, (max-width: 2560px) 100vw, 2560px\" \/><\/figure><div class=\"stk-container-padding stk-block-card__content\"><div class=\"stk-block-content stk-inner-blocks stk-2627ea6-inner-blocks\">\n<div class=\"wp-block-stackable-heading stk-block-heading stk-block-heading--v2 stk-block stk-455e634\" id=\"font-mstmutation-1-msttexthash-713492-msthash-4482-sistemas-de-control-y-comando-para-vehiculos-aereos-de-alta-velocidad-font\" data-block-id=\"455e634\"><style>.stk-455e634 .stk-block-heading__text{color:#000000 !important}<\/style><h3 class=\"stk-block-heading__text has-text-color has-text-align-center\"><font _mstmutation=\"1\" _msttexthash=\"713492\" _msthash=\"4482\">SISTEMAS DE CONTROL Y COMANDO PARA VEH\u00cdCULOS A\u00c9REOS DE ALTA VELOCIDAD<\/font><\/h3><\/div>\n\n\n\n<div class=\"wp-block-stackable-text stk-block-text stk-block stk-7cb79eb\" data-block-id=\"7cb79eb\"><p class=\"stk-block-text__text has-text-align-justify\">Este curso se enfoca en el dise\u00f1o y la implementaci\u00f3n de sistemas avanzados de control y comando para aeronaves que operan en reg\u00edmenes supers\u00f3nicos e hipers\u00f3nicos. Los aspectos t\u00e9cnicos clave incluyen el estudio de din\u00e1micas de vuelo a alta velocidad, la integraci\u00f3n de sensores avanzados y sistemas de control adaptativo, as\u00ed como la implementaci\u00f3n de algoritmos de inteligencia artificial para optimizar la estabilidad y maniobrabilidad de los veh\u00edculos. La innovaci\u00f3n en este campo se manifiesta en el uso de tecnolog\u00edas de simulaci\u00f3n en tiempo real y la aplicaci\u00f3n de t\u00e9cnicas de control no lineal y robusto, que permiten abordar los desaf\u00edos \u00fanicos de las condiciones extremas de alta velocidad, como el calentamiento aerodin\u00e1mico y las ondas de choque. Este curso es ideal para ingenieros y cient\u00edficos interesados en la vanguardia de la tecnolog\u00eda aeroespacial y en el desarrollo de soluciones innovadoras para veh\u00edculos a\u00e9reos de pr\u00f3xima generaci\u00f3n.<\/p><\/div>\n\n\n\n<div class=\"wp-block-stackable-button-group stk-block-button-group stk-block stk-875dbd5\" data-block-id=\"875dbd5\"><style>.stk-875dbd5 .stk-button-group{align-items:flex-end !important}.stk-875dbd5{display:flex !important}<\/style><div class=\"stk-row stk-inner-blocks has-text-align-center stk-block-content stk-button-group\">\n<div class=\"wp-block-stackable-button stk-block-button has-text-align-center stk-block stk-6c0aae5\" data-block-id=\"6c0aae5\"><a class=\"stk-link stk-button stk--hover-effect-darken\" href=\"https:\/\/learning.esai.sv\/\"><span class=\"stk-button__inner-text\">Comprar<\/span><\/a><\/div>\n<\/div><\/div>\n<\/div><\/div><\/div><\/div>\n<\/div><\/div><\/div>\n\n\n\n<div class=\"wp-block-stackable-column stk-block-column stk-column stk-block stk-a8b37ae\" data-v=\"4\" data-block-id=\"a8b37ae\"><style>.stk-a8b37ae-container{margin-top:0px !important;margin-right:0px !important;margin-bottom:0px !important;margin-left:0px !important}.stk-a8b37ae{box-shadow:0px 70px 90px -20px #4849794d !important}@media screen and (min-width:768px) and (max-width:1023px){.stk-a8b37ae{flex:var(--stk-flex-grow,1) 1 calc(100% - var(--stk-column-gap,0px) * 0 \/ 1 ) !important}}<\/style><div class=\"stk-column-wrapper stk-block-column__content stk-container stk-a8b37ae-container stk--no-background stk--no-padding\"><div class=\"stk-block-content stk-inner-blocks stk-a8b37ae-inner-blocks\">\n<div class=\"wp-block-stackable-card stk-block-card stk-block stk-295c105 is-style-default\" data-v=\"2\" data-block-id=\"295c105\"><style>.stk-295c105{box-shadow:none !important}.stk-295c105 .stk-block-card__content{padding-top:32px !important;padding-right:32px !important;padding-left:32px !important}<\/style><div class=\"stk--no-padding stk-container stk-295c105-container stk-hover-parent\"><figure class=\"stk-block-card__image stk-img-wrapper stk-image--shape-stretch\"><img loading=\"lazy\" decoding=\"async\" class=\"stk-img wp-image-438\" src=\"https:\/\/catero.esai.sv\/wp-content\/uploads\/2024\/06\/pexels-bohlemedia-2050718-scaled.jpg\" width=\"2560\" height=\"1920\" srcset=\"https:\/\/catero.esai.sv\/wp-content\/uploads\/2024\/06\/pexels-bohlemedia-2050718-scaled.jpg 2560w, https:\/\/catero.esai.sv\/wp-content\/uploads\/2024\/06\/pexels-bohlemedia-2050718-300x225.jpg 300w, https:\/\/catero.esai.sv\/wp-content\/uploads\/2024\/06\/pexels-bohlemedia-2050718-1024x768.jpg 1024w, https:\/\/catero.esai.sv\/wp-content\/uploads\/2024\/06\/pexels-bohlemedia-2050718-768x576.jpg 768w, https:\/\/catero.esai.sv\/wp-content\/uploads\/2024\/06\/pexels-bohlemedia-2050718-1536x1152.jpg 1536w, https:\/\/catero.esai.sv\/wp-content\/uploads\/2024\/06\/pexels-bohlemedia-2050718-2048x1536.jpg 2048w\" sizes=\"auto, (max-width: 2560px) 100vw, 2560px\" \/><\/figure><div class=\"stk-container-padding stk-block-card__content\"><div class=\"stk-block-content stk-inner-blocks stk-295c105-inner-blocks\">\n<div class=\"wp-block-stackable-heading stk-block-heading stk-block-heading--v2 stk-block stk-01279af\" id=\"font-mstmutation-1-msttexthash-1232972-msthash-4563-inteligencia-artificial-y-vehiculos-aereos-autonomos-font\" data-block-id=\"01279af\"><style>.stk-01279af{margin-bottom:110px !important}.stk-01279af .stk-block-heading__text{color:#000000 !important}<\/style><h3 class=\"stk-block-heading__text has-text-color has-text-align-center\"><font _mstmutation=\"1\" _msttexthash=\"1232972\" _msthash=\"4563\">INTELIGENCIA ARTIFICIAL Y VEH\u00cdCULOS A\u00c9REOS AUT\u00d3NOMOS<\/font><\/h3><\/div>\n\n\n\n<div class=\"wp-block-stackable-text stk-block-text stk-block stk-3e5747b\" data-block-id=\"3e5747b\"><style>.stk-3e5747b{margin-bottom:56px !important}<\/style><p class=\"stk-block-text__text has-text-align-justify\">Este curso ofrece una inmersi\u00f3n profunda en las tecnolog\u00edas de vanguardia que impulsan el desarrollo de drones y otros sistemas a\u00e9reos no tripulados. Los estudiantes explorar\u00e1n aspectos t\u00e9cnicos como el dise\u00f1o de algoritmos de navegaci\u00f3n y control, la implementaci\u00f3n de redes neuronales para reconocer patrones y tomar decisiones aut\u00f3nomas, y el uso de sensores avanzados y sistemas de comunicaci\u00f3n para percibir y manejar datos en tiempo real. Las innovaciones en inteligencia artificial se integran con t\u00e9cnicas de aprendizaje autom\u00e1tico para mejorar la eficiencia y autonom\u00eda de los veh\u00edculos a\u00e9reos, preparando a los participantes para enfrentar desaf\u00edos en aplicaciones como la vigilancia, la entrega de paquetes, y misiones de b\u00fasqueda y rescate. El curso tambi\u00e9n aborda consideraciones \u00e9ticas y regulatorias, asegurando una comprensi\u00f3n integral de esta tecnolog\u00eda emergente.<\/p><\/div>\n\n\n\n<div class=\"wp-block-stackable-button-group stk-block-button-group stk-block stk-d53cc2d\" data-block-id=\"d53cc2d\"><div class=\"stk-row stk-inner-blocks has-text-align-center stk-block-content stk-button-group\">\n<div class=\"wp-block-stackable-button stk-block-button stk-block stk-aefeb12\" data-block-id=\"aefeb12\"><a class=\"stk-link stk-button stk--hover-effect-darken\" href=\"https:\/\/learning.esai.sv\/\"><span class=\"stk-button__inner-text\">Comprar<\/span><\/a><\/div>\n<\/div><\/div>\n<\/div><\/div><\/div><\/div>\n<\/div><\/div><\/div>\n<\/div><\/div>\n\n\n\n<div class=\"wp-block-stackable-columns stk-block-columns stk-block stk-f90c29d\" data-block-id=\"f90c29d\"><div class=\"stk-row stk-inner-blocks has-text-align-left stk-block-content stk-content-align stk-f90c29d-column\">\n<div class=\"wp-block-stackable-column stk-block-column stk-column stk-block stk-95ffd02\" data-v=\"4\" data-block-id=\"95ffd02\"><div class=\"stk-column-wrapper stk-block-column__content stk-container stk-95ffd02-container stk--no-background stk--no-padding\"><div class=\"stk-block-content stk-inner-blocks stk-95ffd02-inner-blocks\"><\/div><\/div><\/div>\n\n\n\n<div class=\"wp-block-stackable-column stk-block-column stk-column stk-block stk-1e7f737\" data-v=\"4\" data-block-id=\"1e7f737\"><div class=\"stk-column-wrapper stk-block-column__content stk-container stk-1e7f737-container stk--no-background stk--no-padding\"><div class=\"stk-block-content stk-inner-blocks stk-1e7f737-inner-blocks\"><\/div><\/div><\/div>\n\n\n\n<div class=\"wp-block-stackable-column stk-block-column stk-column stk-block stk-5eff703\" data-v=\"4\" data-block-id=\"5eff703\"><div class=\"stk-column-wrapper stk-block-column__content stk-container stk-5eff703-container stk--no-background stk--no-padding\"><div class=\"stk-block-content stk-inner-blocks stk-5eff703-inner-blocks\"><\/div><\/div><\/div>\n<\/div><\/div>\n<\/div><\/div><\/div>\n<\/div><\/div>\n","protected":false},"excerpt":{"rendered":"<p>Directorado de Veh\u00edculos A\u00e9reos Este directorio est\u00e1 dedicado a los Veh\u00edculos A\u00e9reos No Tripulados (VANT), tambi\u00e9n conocidos como UAV (Unmanned Aerial Vehicle) y RPAS (Remotely Piloted Aircraft System), com\u00fanmente referidos como drones. Proporciona una visi\u00f3n completa sobre el manejo, la innovaci\u00f3n de estas aeronaves sin tripulaci\u00f3n, y sus aplicaciones en diversos sectores econ\u00f3micos. Tambi\u00e9n incluye [&hellip;]<\/p>\n","protected":false},"author":1,"featured_media":0,"parent":0,"menu_order":0,"comment_status":"closed","ping_status":"closed","template":"","meta":{"footnotes":""},"class_list":["post-113","page","type-page","status-publish","hentry"],"blocksy_meta":{"has_hero_section":"disabled","vertical_spacing_source":"custom","content_area_spacing":"none","styles_descriptor":{"styles":{"desktop":"","tablet":"","mobile":""},"google_fonts":[],"version":6}},"_links":{"self":[{"href":"https:\/\/catero.esai.sv\/index.php\/wp-json\/wp\/v2\/pages\/113","targetHints":{"allow":["GET"]}}],"collection":[{"href":"https:\/\/catero.esai.sv\/index.php\/wp-json\/wp\/v2\/pages"}],"about":[{"href":"https:\/\/catero.esai.sv\/index.php\/wp-json\/wp\/v2\/types\/page"}],"author":[{"embeddable":true,"href":"https:\/\/catero.esai.sv\/index.php\/wp-json\/wp\/v2\/users\/1"}],"replies":[{"embeddable":true,"href":"https:\/\/catero.esai.sv\/index.php\/wp-json\/wp\/v2\/comments?post=113"}],"version-history":[{"count":40,"href":"https:\/\/catero.esai.sv\/index.php\/wp-json\/wp\/v2\/pages\/113\/revisions"}],"predecessor-version":[{"id":509,"href":"https:\/\/catero.esai.sv\/index.php\/wp-json\/wp\/v2\/pages\/113\/revisions\/509"}],"wp:attachment":[{"href":"https:\/\/catero.esai.sv\/index.php\/wp-json\/wp\/v2\/media?parent=113"}],"curies":[{"name":"wp","href":"https:\/\/api.w.org\/{rel}","templated":true}]}}