{"id":111,"date":"2024-06-11T01:11:36","date_gmt":"2024-06-11T01:11:36","guid":{"rendered":"https:\/\/catero.esai.sv\/?page_id=111"},"modified":"2024-07-08T22:24:27","modified_gmt":"2024-07-08T22:24:27","slug":"de-vehiculos-espaciales","status":"publish","type":"page","link":"https:\/\/catero.esai.sv\/index.php\/de-vehiculos-espaciales\/","title":{"rendered":"De Veh\u00edculos Espaciales"},"content":{"rendered":"\n<div class=\"wp-block-stackable-heading alignfull stk-block-heading stk-block-heading--v2 stk-block stk-ada1ee0 stk-block-background stk--has-background-overlay\" id=\"directorado-de-vehiculos-espaciales\" data-block-id=\"ada1ee0\"><style>.stk-ada1ee0{background-color:radial-gradient(circle 248px at center,#16d9e3 0%,#30c7ec 47%,#46aef7 100%) !important;min-height:200px !important;align-items:flex-end !important;display:flex !important}.stk-ada1ee0:before{background-image:radial-gradient(circle 248px at center,#16d9e3 0%,#30c7ec 47%,#46aef7 100%) !important}<\/style><h1 class=\"stk-block-heading__text has-text-align-center\">Directorado de Veh\u00edculos Espaciales<\/h1><\/div>\n\n\n\n<div class=\"wp-block-stackable-columns alignfull stk-block-columns stk-block stk-69426c1\" data-block-id=\"69426c1\"><style>.stk-69426c1{padding-top:80px !important;padding-bottom:80px !important}<\/style><div class=\"stk-row stk-inner-blocks stk-block-content stk-content-align stk-69426c1-column\">\n<div class=\"wp-block-stackable-column stk-block-column stk-column stk-block stk-c92eebc\" data-v=\"4\" data-block-id=\"c92eebc\"><div class=\"stk-column-wrapper stk-block-column__content stk-container stk-c92eebc-container stk--no-background stk--no-padding\"><div class=\"stk-block-content stk-inner-blocks stk-c92eebc-inner-blocks\">\n<div class=\"wp-block-stackable-text stk-block-text stk-block stk-ffc4bfc\" data-block-id=\"ffc4bfc\"><style>.stk-ffc4bfc{margin-bottom:48px !important}.stk-ffc4bfc .stk-block-text__text{font-size:20px !important;color:#000000 !important}@media screen and (max-width:1023px){.stk-ffc4bfc .stk-block-text__text{font-size:20px !important}}<\/style><p class=\"stk-block-text__text has-text-color has-text-align-center\">Proporciona un conocimiento profundo y especializado en el campo de los veh\u00edculos espaciales y la tecnolog\u00eda aeroespacial. Estos cursos est\u00e1n dirigidos a profesionales, estudiantes y entusiastas de la exploraci\u00f3n espacial que buscan ampliar sus conocimientos y habilidades en este fascinante \u00e1mbito. Los cursos abarcan temas como el dise\u00f1o y desarrollo de veh\u00edculos espaciales, sistemas de propulsi\u00f3n y navegaci\u00f3n, pruebas y validaci\u00f3n, as\u00ed como operaciones y gesti\u00f3n de misiones espaciales. A trav\u00e9s de una combinaci\u00f3n de teor\u00eda y pr\u00e1ctica, los participantes tendr\u00e1n la oportunidad de aprender de expertos del sector, analizar casos de estudio de misiones emblem\u00e1ticas y participar en simulaciones y ejercicios interactivos. El objetivo del Directorado es inspirar y equipar a la pr\u00f3xima generaci\u00f3n de ingenieros y cient\u00edficos espaciales con los conocimientos necesarios para enfrentar los desaf\u00edos del futuro en la exploraci\u00f3n y utilizaci\u00f3n del espacio.<\/p><\/div>\n\n\n\n<div class=\"wp-block-stackable-columns stk-block-columns stk-block stk-40a0c85\" data-block-id=\"40a0c85\"><style>.stk-40a0c85-column{--stk-column-gap:10px !important}<\/style><div class=\"stk-row stk-inner-blocks stk-block-content stk-content-align stk-40a0c85-column\">\n<div class=\"wp-block-stackable-column stk-block-column stk-column stk-block stk-f1604e2\" data-v=\"4\" data-block-id=\"f1604e2\"><style>.stk-f1604e2-container{margin-top:0px !important;margin-right:0px !important;margin-bottom:0px !important;margin-left:0px !important}.stk-f1604e2{box-shadow:0px 70px 90px -20px #4849794d !important}@media screen and (min-width:768px) and (max-width:1023px){.stk-f1604e2{flex:var(--stk-flex-grow,1) 1 calc(50% - var(--stk-column-gap,0px) * 1 \/ 2 ) !important}}<\/style><div class=\"stk-column-wrapper stk-block-column__content stk-container stk-f1604e2-container stk--no-background stk--no-padding\"><div class=\"stk-block-content stk-inner-blocks stk-f1604e2-inner-blocks\">\n<div class=\"wp-block-stackable-card stk-block-card stk-block stk-2627ea6 is-style-default\" data-v=\"2\" data-block-id=\"2627ea6\"><style>.stk-2627ea6{box-shadow:none !important}<\/style><div class=\"stk--no-padding stk-container stk-2627ea6-container stk-hover-parent\"><figure class=\"stk-block-card__image stk-img-wrapper stk-image--shape-stretch\"><img loading=\"lazy\" decoding=\"async\" class=\"stk-img wp-image-560\" src=\"https:\/\/catero.esai.sv\/wp-content\/uploads\/2024\/07\/pexels-fauxels-3184638-scaled.jpg\" width=\"2560\" height=\"1707\" srcset=\"https:\/\/catero.esai.sv\/wp-content\/uploads\/2024\/07\/pexels-fauxels-3184638-scaled.jpg 2560w, https:\/\/catero.esai.sv\/wp-content\/uploads\/2024\/07\/pexels-fauxels-3184638-300x200.jpg 300w, https:\/\/catero.esai.sv\/wp-content\/uploads\/2024\/07\/pexels-fauxels-3184638-1024x683.jpg 1024w, https:\/\/catero.esai.sv\/wp-content\/uploads\/2024\/07\/pexels-fauxels-3184638-768x512.jpg 768w, https:\/\/catero.esai.sv\/wp-content\/uploads\/2024\/07\/pexels-fauxels-3184638-1536x1024.jpg 1536w, https:\/\/catero.esai.sv\/wp-content\/uploads\/2024\/07\/pexels-fauxels-3184638-2048x1365.jpg 2048w\" sizes=\"auto, (max-width: 2560px) 100vw, 2560px\" \/><\/figure><div class=\"stk-container-padding stk-block-card__content\"><div class=\"stk-block-content stk-inner-blocks stk-2627ea6-inner-blocks\">\n<div class=\"wp-block-stackable-heading stk-block-heading stk-block-heading--v2 stk-block stk-455e634\" id=\"font-mstmutation-1-msttexthash-713492-msthash-4482-font-mstmutation-1-msttexthash-1202591-msthash-4395-planificacion-y-gestion-de-misiones-espaciales-font-font\" data-block-id=\"455e634\"><style>.stk-455e634 .stk-block-heading__text{color:#000000 !important}<\/style><h3 class=\"stk-block-heading__text has-text-color has-text-align-center\"><font _mstmutation=\"1\" _msttexthash=\"713492\" _msthash=\"4482\"><font _mstmutation=\"1\" _msttexthash=\"1202591\" _msthash=\"4395\">PLANIFICACI\u00d3N Y GESTI\u00d3N DE MISIONES ESPACIALES<\/font><\/font><\/h3><\/div>\n\n\n\n<div class=\"wp-block-stackable-text stk-block-text stk-block stk-7cb79eb\" data-block-id=\"7cb79eb\"><style>.stk-7cb79eb{margin-bottom:50px !important}<\/style><p class=\"stk-block-text__text has-text-align-justify\">Este curso ofrece una comprensi\u00f3n integral de los procesos y t\u00e9cnicas utilizados en la planificaci\u00f3n y gesti\u00f3n de misiones espaciales. Los participantes aprender\u00e1n a dise\u00f1ar, planificar y ejecutar misiones espaciales, abordando aspectos cr\u00edticos como la definici\u00f3n de objetivos, la gesti\u00f3n de recursos, el an\u00e1lisis de riesgos y la coordinaci\u00f3n de equipos multidisciplinarios. El curso combina teor\u00eda y pr\u00e1ctica, utilizando estudios de caso de misiones reales y simulaciones para proporcionar una experiencia de aprendizaje completa. Ideal para profesionales y estudiantes interesados en la gesti\u00f3n de proyectos espaciales.<\/p><\/div>\n\n\n\n<div class=\"wp-block-stackable-button-group stk-block-button-group stk-block stk-875dbd5\" data-block-id=\"875dbd5\"><div class=\"stk-row stk-inner-blocks has-text-align-center stk-block-content stk-button-group\">\n<div class=\"wp-block-stackable-button stk-block-button has-text-align-center stk-block stk-6c0aae5\" data-block-id=\"6c0aae5\"><a class=\"stk-link stk-button stk--hover-effect-darken\" href=\"https:\/\/learning.esai.sv\/\"><span class=\"stk-button__inner-text\">Comprar<\/span><\/a><\/div>\n<\/div><\/div>\n<\/div><\/div><\/div><\/div>\n<\/div><\/div><\/div>\n\n\n\n<div class=\"wp-block-stackable-column stk-block-column stk-column stk-block stk-269cdf0\" data-v=\"4\" data-block-id=\"269cdf0\"><style>.stk-269cdf0-container{margin-top:0px !important;margin-right:0px !important;margin-bottom:0px !important;margin-left:0px !important}.stk-269cdf0{box-shadow:0px 70px 90px -20px #4849794d !important}@media screen and (min-width:768px) and (max-width:1023px){.stk-269cdf0{flex:var(--stk-flex-grow,1) 1 calc(50% - var(--stk-column-gap,0px) * 1 \/ 2 ) !important}}<\/style><div class=\"stk-column-wrapper stk-block-column__content stk-container stk-269cdf0-container stk--no-background stk--no-padding\"><div class=\"stk-block-content stk-inner-blocks stk-269cdf0-inner-blocks\">\n<div class=\"wp-block-stackable-card stk-block-card stk-block stk-e55a407 is-style-default\" data-v=\"2\" data-block-id=\"e55a407\"><style>.stk-e55a407{box-shadow:none !important}.stk-e55a407 .stk-block-card__image img{object-position:67% 46% !important}<\/style><div class=\"stk--no-padding stk-container stk-e55a407-container stk-hover-parent\"><figure class=\"stk-block-card__image stk-img-wrapper stk-image--shape-stretch\"><img loading=\"lazy\" decoding=\"async\" class=\"stk-img wp-image-561\" src=\"https:\/\/catero.esai.sv\/wp-content\/uploads\/2024\/07\/Satelites-artificiales.jpg\" width=\"1200\" height=\"675\" srcset=\"https:\/\/catero.esai.sv\/wp-content\/uploads\/2024\/07\/Satelites-artificiales.jpg 1200w, https:\/\/catero.esai.sv\/wp-content\/uploads\/2024\/07\/Satelites-artificiales-300x169.jpg 300w, https:\/\/catero.esai.sv\/wp-content\/uploads\/2024\/07\/Satelites-artificiales-1024x576.jpg 1024w, https:\/\/catero.esai.sv\/wp-content\/uploads\/2024\/07\/Satelites-artificiales-768x432.jpg 768w\" sizes=\"auto, (max-width: 1200px) 100vw, 1200px\" \/><\/figure><div class=\"stk-container-padding stk-block-card__content\"><div class=\"stk-block-content stk-inner-blocks stk-e55a407-inner-blocks\">\n<div class=\"wp-block-stackable-heading stk-block-heading stk-block-heading--v2 stk-block stk-2985007\" id=\"font-mstmutation-1-msttexthash-713492-msthash-4482-tecnologias-emergentes-para-vehiculos-espaciale-font-s\" data-block-id=\"2985007\"><style>.stk-2985007 .stk-block-heading__text{color:#000000 !important}<\/style><h3 class=\"stk-block-heading__text has-text-color has-text-align-center\"><font _mstmutation=\"1\" _msttexthash=\"713492\" _msthash=\"4482\">TECNOLOG\u00cdAS EMERGENTES PARA VEH\u00cdCULOS ESPACIALE<\/font>S<\/h3><\/div>\n\n\n\n<div class=\"wp-block-stackable-text stk-block-text stk-block stk-9ce5e28\" data-block-id=\"9ce5e28\"><p class=\"stk-block-text__text has-text-align-justify\">Este curso ofrece una exploraci\u00f3n exhaustiva de las tecnolog\u00edas emergentes que est\u00e1n revolucionando el dise\u00f1o y la operaci\u00f3n de veh\u00edculos espaciales. Los participantes aprender\u00e1n sobre innovaciones en propulsi\u00f3n, materiales avanzados, sistemas de energ\u00eda, y t\u00e9cnicas de navegaci\u00f3n y control. El curso est\u00e1 dise\u00f1ado para profesionales y estudiantes que buscan mantenerse a la vanguardia de los avances tecnol\u00f3gicos en la industria aeroespacial. A trav\u00e9s de estudios de caso y proyectos pr\u00e1cticos, los asistentes desarrollar\u00e1n una comprensi\u00f3n profunda de c\u00f3mo estas tecnolog\u00edas emergentes est\u00e1n moldeando el futuro de la exploraci\u00f3n espacial.<\/p><\/div>\n\n\n\n<div class=\"wp-block-stackable-button-group stk-block-button-group stk-block stk-17afa8d\" data-block-id=\"17afa8d\"><div class=\"stk-row stk-inner-blocks has-text-align-center stk-block-content stk-button-group\">\n<div class=\"wp-block-stackable-button stk-block-button has-text-align-center stk-block stk-3fbfaad\" data-block-id=\"3fbfaad\"><a class=\"stk-link stk-button stk--hover-effect-darken\" href=\"https:\/\/learning.esai.sv\/\"><span class=\"stk-button__inner-text\">Comprar<\/span><\/a><\/div>\n<\/div><\/div>\n<\/div><\/div><\/div><\/div>\n<\/div><\/div><\/div>\n\n\n\n<div class=\"wp-block-stackable-column stk-block-column stk-column stk-block stk-a8b37ae\" data-v=\"4\" data-block-id=\"a8b37ae\"><style>.stk-a8b37ae-container{margin-top:0px !important;margin-right:0px !important;margin-bottom:0px !important;margin-left:0px !important}.stk-a8b37ae{box-shadow:0px 70px 90px -20px #4849794d !important}@media screen and (min-width:768px) and (max-width:1023px){.stk-a8b37ae{flex:var(--stk-flex-grow,1) 1 calc(100% - var(--stk-column-gap,0px) * 0 \/ 1 ) !important}}<\/style><div class=\"stk-column-wrapper stk-block-column__content stk-container stk-a8b37ae-container stk--no-background stk--no-padding\"><div class=\"stk-block-content stk-inner-blocks stk-a8b37ae-inner-blocks\">\n<div class=\"wp-block-stackable-card stk-block-card stk-block stk-295c105 is-style-default\" data-v=\"2\" data-block-id=\"295c105\"><style>.stk-295c105{box-shadow:none !important}.stk-295c105 .stk-block-card__content{padding-top:32px !important;padding-right:32px !important;padding-bottom:32px !important;padding-left:32px !important}<\/style><div class=\"stk--no-padding stk-container stk-295c105-container stk-hover-parent\"><figure class=\"stk-block-card__image stk-img-wrapper stk-image--shape-stretch\"><img loading=\"lazy\" decoding=\"async\" class=\"stk-img wp-image-563\" src=\"https:\/\/catero.esai.sv\/wp-content\/uploads\/2024\/07\/construirSatelite.jpg\" width=\"632\" height=\"447\" srcset=\"https:\/\/catero.esai.sv\/wp-content\/uploads\/2024\/07\/construirSatelite.jpg 632w, https:\/\/catero.esai.sv\/wp-content\/uploads\/2024\/07\/construirSatelite-300x212.jpg 300w\" sizes=\"auto, (max-width: 632px) 100vw, 632px\" \/><\/figure><div class=\"stk-container-padding stk-block-card__content\"><div class=\"stk-block-content stk-inner-blocks stk-295c105-inner-blocks\">\n<div class=\"wp-block-stackable-heading stk-block-heading stk-block-heading--v2 stk-block stk-01279af\" id=\"d-font-mstmutation-1-msttexthash-1232972-msthash-4563-iseno-y-operacion-de-satelites-font\" data-block-id=\"01279af\"><style>.stk-01279af{margin-bottom:72px !important}.stk-01279af .stk-block-heading__text{color:#000000 !important}<\/style><h3 class=\"stk-block-heading__text has-text-color has-text-align-center\">D<font _mstmutation=\"1\" _msttexthash=\"1232972\" _msthash=\"4563\">ISE\u00d1O Y OPERACI\u00d3N DE SAT\u00c9LITES<\/font><\/h3><\/div>\n\n\n\n<div class=\"wp-block-stackable-text stk-block-text stk-block stk-3e5747b\" data-block-id=\"3e5747b\"><style>.stk-3e5747b{margin-bottom:155px !important}<\/style><p class=\"stk-block-text__text has-text-align-justify\">Este curso ofrece una visi\u00f3n detallada del dise\u00f1o, desarrollo y operaci\u00f3n de sat\u00e9lites. Los participantes aprender\u00e1n sobre los principios fundamentales de la ingenier\u00eda de sat\u00e9lites, desde la planificaci\u00f3n y construcci\u00f3n hasta el lanzamiento y gesti\u00f3n en \u00f3rbita. El curso incluye estudios de caso de misiones reales y brinda conocimientos pr\u00e1cticos sobre las tecnolog\u00edas y t\u00e9cnicas utilizadas en la industria espacial para asegurar el \u00e9xito de las misiones satelitales.<\/p><\/div>\n\n\n\n<div class=\"wp-block-stackable-button-group stk-block-button-group stk-block stk-d53cc2d\" data-block-id=\"d53cc2d\"><div class=\"stk-row stk-inner-blocks has-text-align-center stk-block-content stk-button-group\">\n<div class=\"wp-block-stackable-button stk-block-button stk-block stk-aefeb12\" data-block-id=\"aefeb12\"><a class=\"stk-link stk-button stk--hover-effect-darken\" href=\"https:\/\/learning.esai.sv\/\"><span class=\"stk-button__inner-text\">Comprar<\/span><\/a><\/div>\n<\/div><\/div>\n<\/div><\/div><\/div><\/div>\n<\/div><\/div><\/div>\n<\/div><\/div>\n\n\n\n<div class=\"wp-block-stackable-columns stk-block-columns stk-block stk-f90c29d\" data-block-id=\"f90c29d\"><div class=\"stk-row stk-inner-blocks has-text-align-left stk-block-content stk-content-align stk-f90c29d-column\">\n<div class=\"wp-block-stackable-column stk-block-column stk-column stk-block stk-95ffd02\" data-v=\"4\" data-block-id=\"95ffd02\"><style>.stk-95ffd02-container{margin-top:0px !important;margin-right:0px !important;margin-bottom:0px !important;margin-left:0px !important}.stk-95ffd02{box-shadow:0px 70px 90px -20px #4849794d !important}<\/style><div class=\"stk-column-wrapper stk-block-column__content stk-container stk-95ffd02-container stk--no-background stk--no-padding\"><div class=\"stk-block-content stk-inner-blocks stk-95ffd02-inner-blocks\">\n<div class=\"wp-block-stackable-card aligncenter stk-block-card stk-block stk-ac2bc6e is-style-default\" data-v=\"2\" data-block-id=\"ac2bc6e\"><style>.stk-ac2bc6e .stk-block-card__image img{object-position:95% 51% !important}<\/style><div class=\"stk--no-padding stk-container stk-ac2bc6e-container stk-hover-parent\"><figure class=\"stk-block-card__image stk-img-wrapper stk-image--shape-stretch\"><img loading=\"lazy\" decoding=\"async\" class=\"stk-img wp-image-564\" src=\"https:\/\/catero.esai.sv\/wp-content\/uploads\/2024\/07\/Valentina.jpg\" width=\"480\" height=\"360\" srcset=\"https:\/\/catero.esai.sv\/wp-content\/uploads\/2024\/07\/Valentina.jpg 480w, https:\/\/catero.esai.sv\/wp-content\/uploads\/2024\/07\/Valentina-300x225.jpg 300w\" sizes=\"auto, (max-width: 480px) 100vw, 480px\" \/><\/figure><div class=\"stk-container-padding stk-block-card__content\"><div class=\"stk-block-content stk-inner-blocks stk-ac2bc6e-inner-blocks\">\n<div class=\"wp-block-stackable-heading stk-block-heading stk-block-heading--v2 stk-block stk-8d77614\" id=\"valentina-y-el-sistema-solar\" data-block-id=\"8d77614\"><style>.stk-8d77614 .stk-block-heading__text{color:#000000 !important}<\/style><h2 class=\"stk-block-heading__text has-text-color has-text-align-center\">VALENTINA Y EL SISTEMA SOLAR<\/h2><\/div>\n\n\n\n<div class=\"wp-block-stackable-text stk-block-text stk-block stk-b84730d\" data-block-id=\"b84730d\"><p class=\"stk-block-text__text has-text-align-justify\">Este curso introduce a los participantes en la exploraci\u00f3n del Sistema Solar a trav\u00e9s de la fascinante aventura de Valentina, una joven astronauta. Los estudiantes aprender\u00e1n sobre los planetas, lunas y otros cuerpos celestes, as\u00ed como sobre las misiones espaciales que nos han permitido conocer m\u00e1s sobre nuestro vecindario c\u00f3smico. Con un enfoque interactivo y narrativo, el curso est\u00e1 dise\u00f1ado para inspirar y educar a ni\u00f1os y j\u00f3venes sobre la ciencia y la exploraci\u00f3n espacial.<\/p><\/div>\n\n\n\n<div class=\"wp-block-stackable-button-group stk-block-button-group stk-block stk-383cf9c\" data-block-id=\"383cf9c\"><div class=\"stk-row stk-inner-blocks has-text-align-center stk-block-content stk-button-group\">\n<div class=\"wp-block-stackable-button stk-block-button stk-block stk-715da89\" data-block-id=\"715da89\"><a class=\"stk-link stk-button stk--hover-effect-darken\" href=\"https:\/\/learning.esai.sv\/\"><span class=\"stk-button__inner-text\">Comprar<\/span><\/a><\/div>\n<\/div><\/div>\n<\/div><\/div><\/div><\/div>\n<\/div><\/div><\/div>\n\n\n\n<div class=\"wp-block-stackable-column stk-block-column stk-column stk-block stk-1e7f737\" data-v=\"4\" data-block-id=\"1e7f737\"><div class=\"stk-column-wrapper stk-block-column__content stk-container stk-1e7f737-container stk--no-background stk--no-padding\"><div class=\"stk-block-content stk-inner-blocks stk-1e7f737-inner-blocks\"><\/div><\/div><\/div>\n\n\n\n<div class=\"wp-block-stackable-column stk-block-column stk-column stk-block stk-5eff703\" data-v=\"4\" data-block-id=\"5eff703\"><div class=\"stk-column-wrapper stk-block-column__content stk-container stk-5eff703-container stk--no-background stk--no-padding\"><div class=\"stk-block-content stk-inner-blocks stk-5eff703-inner-blocks\"><\/div><\/div><\/div>\n<\/div><\/div>\n<\/div><\/div><\/div>\n<\/div><\/div>\n","protected":false},"excerpt":{"rendered":"<p>Directorado de Veh\u00edculos Espaciales Proporciona un conocimiento profundo y especializado en el campo de los veh\u00edculos espaciales y la tecnolog\u00eda aeroespacial. Estos cursos est\u00e1n dirigidos a profesionales, estudiantes y entusiastas de la exploraci\u00f3n espacial que buscan ampliar sus conocimientos y habilidades en este fascinante \u00e1mbito. Los cursos abarcan temas como el dise\u00f1o y desarrollo de [&hellip;]<\/p>\n","protected":false},"author":1,"featured_media":0,"parent":0,"menu_order":0,"comment_status":"closed","ping_status":"closed","template":"","meta":{"footnotes":""},"class_list":["post-111","page","type-page","status-publish","hentry"],"blocksy_meta":{"has_hero_section":"disabled","vertical_spacing_source":"custom","content_area_spacing":"none","styles_descriptor":{"styles":{"desktop":"","tablet":"","mobile":""},"google_fonts":[],"version":6}},"_links":{"self":[{"href":"https:\/\/catero.esai.sv\/index.php\/wp-json\/wp\/v2\/pages\/111","targetHints":{"allow":["GET"]}}],"collection":[{"href":"https:\/\/catero.esai.sv\/index.php\/wp-json\/wp\/v2\/pages"}],"about":[{"href":"https:\/\/catero.esai.sv\/index.php\/wp-json\/wp\/v2\/types\/page"}],"author":[{"embeddable":true,"href":"https:\/\/catero.esai.sv\/index.php\/wp-json\/wp\/v2\/users\/1"}],"replies":[{"embeddable":true,"href":"https:\/\/catero.esai.sv\/index.php\/wp-json\/wp\/v2\/comments?post=111"}],"version-history":[{"count":17,"href":"https:\/\/catero.esai.sv\/index.php\/wp-json\/wp\/v2\/pages\/111\/revisions"}],"predecessor-version":[{"id":575,"href":"https:\/\/catero.esai.sv\/index.php\/wp-json\/wp\/v2\/pages\/111\/revisions\/575"}],"wp:attachment":[{"href":"https:\/\/catero.esai.sv\/index.php\/wp-json\/wp\/v2\/media?parent=111"}],"curies":[{"name":"wp","href":"https:\/\/api.w.org\/{rel}","templated":true}]}}