{"id":107,"date":"2024-06-11T01:07:48","date_gmt":"2024-06-11T01:07:48","guid":{"rendered":"https:\/\/catero.esai.sv\/?page_id=107"},"modified":"2024-06-29T18:36:35","modified_gmt":"2024-06-29T18:36:35","slug":"de-logistica","status":"publish","type":"page","link":"https:\/\/catero.esai.sv\/index.php\/de-logistica\/","title":{"rendered":"De Log\u00edstica"},"content":{"rendered":"\n<div class=\"wp-block-stackable-heading alignfull stk-block-heading stk-block-heading--v2 stk-block stk-ada1ee0 stk-block-background stk--has-background-overlay\" id=\"directorado-de-logistica\" data-block-id=\"ada1ee0\"><style>.stk-ada1ee0{background-color:radial-gradient(circle 248px at center,#16d9e3 0%,#30c7ec 47%,#46aef7 100%) !important;min-height:200px !important;align-items:flex-end !important;display:flex !important}.stk-ada1ee0:before{background-image:radial-gradient(circle 248px at center,#16d9e3 0%,#30c7ec 47%,#46aef7 100%) !important}<\/style><h1 class=\"stk-block-heading__text has-text-align-center\">Directorado de Log\u00edstica<\/h1><\/div>\n\n\n\n<div class=\"wp-block-stackable-columns alignfull stk-block-columns stk-block stk-69426c1\" data-block-id=\"69426c1\"><style>.stk-69426c1{padding-top:80px !important;padding-bottom:80px !important}<\/style><div class=\"stk-row stk-inner-blocks stk-block-content stk-content-align stk-69426c1-column\">\n<div class=\"wp-block-stackable-column stk-block-column stk-column stk-block stk-c92eebc\" data-v=\"4\" data-block-id=\"c92eebc\"><div class=\"stk-column-wrapper stk-block-column__content stk-container stk-c92eebc-container stk--no-background stk--no-padding\"><div class=\"stk-block-content stk-inner-blocks stk-c92eebc-inner-blocks\">\n<div class=\"wp-block-stackable-text stk-block-text stk-block stk-ffc4bfc\" data-block-id=\"ffc4bfc\"><style>.stk-ffc4bfc{margin-bottom:48px !important}.stk-ffc4bfc .stk-block-text__text{font-size:20px !important;color:#000000 !important}@media screen and (max-width:1023px){.stk-ffc4bfc .stk-block-text__text{font-size:20px !important}}<\/style><p class=\"stk-block-text__text has-text-color has-text-align-center\">Categor\u00eda encargada de coordinar, orientar y controlar las actividades en materia de log\u00edstica, cadena de suministros, transporte &amp; tecnolog\u00eda. Adicionalmente, se encarga de distribuir contenido educativo &amp; tecnol\u00f3gico en materia de la planificaci\u00f3n de inversiones, gesti\u00f3n inmobiliaria, suministro &amp; mantenimiento de medios de movilidad, equipo especializado, desarrollo t\u00e9cnico, normalizaci\u00f3n &amp; regulaci\u00f3n, log\u00edstica y protecci\u00f3n del medio ambiente.<\/p><\/div>\n\n\n\n<div class=\"wp-block-stackable-columns stk-block-columns stk-block stk-40a0c85\" data-block-id=\"40a0c85\"><style>.stk-40a0c85-column{--stk-column-gap:10px !important}<\/style><div class=\"stk-row stk-inner-blocks stk-block-content stk-content-align stk-40a0c85-column\">\n<div class=\"wp-block-stackable-column stk-block-column stk-column stk-block stk-f1604e2\" data-v=\"4\" data-block-id=\"f1604e2\"><style>.stk-f1604e2-container{margin-top:0px !important;margin-right:0px !important;margin-bottom:0px !important;margin-left:0px !important}.stk-f1604e2{box-shadow:0px 70px 90px -20px #4849794d !important}@media screen and (min-width:768px) and (max-width:1023px){.stk-f1604e2{flex:var(--stk-flex-grow,1) 1 calc(50% - var(--stk-column-gap,0px) * 1 \/ 2 ) !important}}<\/style><div class=\"stk-column-wrapper stk-block-column__content stk-container stk-f1604e2-container stk--no-background stk--no-padding\"><div class=\"stk-block-content stk-inner-blocks stk-f1604e2-inner-blocks\">\n<div class=\"wp-block-stackable-card stk-block-card stk-block stk-2627ea6 is-style-default\" data-v=\"2\" data-block-id=\"2627ea6\"><style>.stk-2627ea6{box-shadow:none !important}<\/style><div class=\"stk--no-padding stk-container stk-2627ea6-container stk-hover-parent\"><figure class=\"stk-block-card__image stk-img-wrapper stk-image--shape-stretch\"><img loading=\"lazy\" decoding=\"async\" class=\"stk-img wp-image-346\" src=\"https:\/\/catero.esai.sv\/wp-content\/uploads\/2024\/06\/1.jpg\" width=\"500\" height=\"280\" srcset=\"https:\/\/catero.esai.sv\/wp-content\/uploads\/2024\/06\/1.jpg 500w, https:\/\/catero.esai.sv\/wp-content\/uploads\/2024\/06\/1-300x168.jpg 300w\" sizes=\"auto, (max-width: 500px) 100vw, 500px\" \/><\/figure><div class=\"stk-container-padding stk-block-card__content\"><div class=\"stk-block-content stk-inner-blocks stk-2627ea6-inner-blocks\">\n<div class=\"wp-block-stackable-heading stk-block-heading stk-block-heading--v2 stk-block stk-455e634\" id=\"font-mstmutation-1-msttexthash-713492-msthash-4482-font-mstmutation-1-msttexthash-1202591-msthash-4395-logistica-e-innovacion-tecnologica-disruptiva-font-font\" data-block-id=\"455e634\"><style>.stk-455e634 .stk-block-heading__text{color:#000000 !important}<\/style><h3 class=\"stk-block-heading__text has-text-color has-text-align-center\"><font _mstmutation=\"1\" _msttexthash=\"713492\" _msthash=\"4482\"><font _mstmutation=\"1\" _msttexthash=\"1202591\" _msthash=\"4395\">LOG\u00cdSTICA E INNOVACI\u00d3N TECNOL\u00d3GICA DISRUPTIVA<\/font><\/font><\/h3><\/div>\n\n\n\n<div class=\"wp-block-stackable-text stk-block-text stk-block stk-7cb79eb\" data-block-id=\"7cb79eb\"><style>.stk-7cb79eb{margin-bottom:75px !important}<\/style><p class=\"stk-block-text__text has-text-align-justify\">El Diplomado se enfoca en mejorar las pr\u00e1cticas y t\u00e9cnicas del sector log\u00edstico y las cadenas de suministro, integrando educaci\u00f3n inclusiva, tecnolog\u00eda, ciudadan\u00eda, y entrenamiento pr\u00e1ctico. Adem\u00e1s, promueve el uso adecuado de las TIC, reconoce la diversidad en contextos educativos, culturales y sociales, valora la tecnolog\u00eda en situaciones improvisadas, y fomenta el desarrollo integral y el trabajo colaborativo entre tecnolog\u00eda, gobierno, empresas y profesionales.<\/p><\/div>\n\n\n\n<div class=\"wp-block-stackable-button-group stk-block-button-group stk-block stk-875dbd5\" data-block-id=\"875dbd5\"><div class=\"stk-row stk-inner-blocks has-text-align-center stk-block-content stk-button-group\">\n<div class=\"wp-block-stackable-button stk-block-button has-text-align-center stk-block stk-6c0aae5\" data-block-id=\"6c0aae5\"><a class=\"stk-link stk-button stk--hover-effect-darken\" href=\"https:\/\/learning.esai.sv\/\"><span class=\"stk-button__inner-text\">Comprar<\/span><\/a><\/div>\n<\/div><\/div>\n<\/div><\/div><\/div><\/div>\n<\/div><\/div><\/div>\n\n\n\n<div class=\"wp-block-stackable-column stk-block-column stk-column stk-block stk-269cdf0\" data-v=\"4\" data-block-id=\"269cdf0\"><style>.stk-269cdf0-container{margin-top:0px !important;margin-right:0px !important;margin-bottom:0px !important;margin-left:0px !important}.stk-269cdf0{box-shadow:0px 70px 90px -20px #4849794d !important}@media screen and (min-width:768px) and (max-width:1023px){.stk-269cdf0{flex:var(--stk-flex-grow,1) 1 calc(50% - var(--stk-column-gap,0px) * 1 \/ 2 ) !important}}<\/style><div class=\"stk-column-wrapper stk-block-column__content stk-container stk-269cdf0-container stk--no-background stk--no-padding\"><div class=\"stk-block-content stk-inner-blocks stk-269cdf0-inner-blocks\">\n<div class=\"wp-block-stackable-card stk-block-card stk-block stk-e55a407 is-style-default\" data-v=\"2\" data-block-id=\"e55a407\"><style>.stk-e55a407{box-shadow:none !important}<\/style><div class=\"stk--no-padding stk-container stk-e55a407-container stk-hover-parent\"><figure class=\"stk-block-card__image stk-img-wrapper stk-image--shape-stretch\"><img loading=\"lazy\" decoding=\"async\" class=\"stk-img wp-image-347\" src=\"https:\/\/catero.esai.sv\/wp-content\/uploads\/2024\/06\/2.jpg\" width=\"500\" height=\"750\" srcset=\"https:\/\/catero.esai.sv\/wp-content\/uploads\/2024\/06\/2.jpg 500w, https:\/\/catero.esai.sv\/wp-content\/uploads\/2024\/06\/2-200x300.jpg 200w\" sizes=\"auto, (max-width: 500px) 100vw, 500px\" \/><\/figure><div class=\"stk-container-padding stk-block-card__content\"><div class=\"stk-block-content stk-inner-blocks stk-e55a407-inner-blocks\">\n<div class=\"wp-block-stackable-heading stk-block-heading stk-block-heading--v2 stk-block stk-2985007\" id=\"font-mstmutation-1-msttexthash-713492-msthash-4482-grandes-datos-y-cadenas-de-suministro-font\" data-block-id=\"2985007\"><style>.stk-2985007{margin-bottom:69px !important}.stk-2985007 .stk-block-heading__text{color:#000000 !important}<\/style><h3 class=\"stk-block-heading__text has-text-color has-text-align-center\"><font _mstmutation=\"1\" _msttexthash=\"713492\" _msthash=\"4482\">GRANDES DATOS Y CADENAS DE SUMINISTRO<\/font><\/h3><\/div>\n\n\n\n<div class=\"wp-block-stackable-text stk-block-text stk-block stk-9ce5e28\" data-block-id=\"9ce5e28\"><style>.stk-9ce5e28{margin-bottom:76px !important}<\/style><p class=\"stk-block-text__text has-text-align-justify\">Este m\u00f3dulo estudia las cadenas de suministro basadas en datos, centr\u00e1ndose en la gesti\u00f3n de la calidad a trav\u00e9s de la recolecci\u00f3n y an\u00e1lisis de informaci\u00f3n en puntos clave de producci\u00f3n, distribuci\u00f3n y servicios. Utiliza tecnolog\u00eda y Big Data para recopilar datos sobre control de calidad, velocidad de fabricaci\u00f3n y eficiencia de entrega, permitiendo a las empresas obtener una visi\u00f3n clara del desempe\u00f1o de su cadena de suministro mediante an\u00e1lisis automatizado.<\/p><\/div>\n\n\n\n<div class=\"wp-block-stackable-button-group stk-block-button-group stk-block stk-17afa8d\" data-block-id=\"17afa8d\"><div class=\"stk-row stk-inner-blocks has-text-align-center stk-block-content stk-button-group\">\n<div class=\"wp-block-stackable-button stk-block-button has-text-align-center stk-block stk-3fbfaad\" data-block-id=\"3fbfaad\"><a class=\"stk-link stk-button stk--hover-effect-darken\" href=\"https:\/\/learning.esai.sv\/\"><span class=\"stk-button__inner-text\">Comprar<\/span><\/a><\/div>\n<\/div><\/div>\n<\/div><\/div><\/div><\/div>\n<\/div><\/div><\/div>\n\n\n\n<div class=\"wp-block-stackable-column stk-block-column stk-column stk-block stk-a8b37ae\" data-v=\"4\" data-block-id=\"a8b37ae\"><style>.stk-a8b37ae-container{margin-top:0px !important;margin-right:0px !important;margin-bottom:0px !important;margin-left:0px !important}.stk-a8b37ae{box-shadow:0px 70px 90px -20px #4849794d !important}@media screen and (min-width:768px) and (max-width:1023px){.stk-a8b37ae{flex:var(--stk-flex-grow,1) 1 calc(100% - var(--stk-column-gap,0px) * 0 \/ 1 ) !important}}<\/style><div class=\"stk-column-wrapper stk-block-column__content stk-container stk-a8b37ae-container stk--no-background stk--no-padding\"><div class=\"stk-block-content stk-inner-blocks stk-a8b37ae-inner-blocks\">\n<div class=\"wp-block-stackable-card stk-block-card stk-block stk-295c105 is-style-default\" data-v=\"2\" data-block-id=\"295c105\"><style>.stk-295c105{box-shadow:none !important}.stk-295c105 .stk-block-card__content{padding-top:32px !important;padding-right:32px !important;padding-bottom:32px !important;padding-left:32px !important}<\/style><div class=\"stk--no-padding stk-container stk-295c105-container stk-hover-parent\"><figure class=\"stk-block-card__image stk-img-wrapper stk-image--shape-stretch\"><img loading=\"lazy\" decoding=\"async\" class=\"stk-img wp-image-348\" src=\"https:\/\/catero.esai.sv\/wp-content\/uploads\/2024\/06\/3.jpg\" width=\"500\" height=\"750\" srcset=\"https:\/\/catero.esai.sv\/wp-content\/uploads\/2024\/06\/3.jpg 500w, https:\/\/catero.esai.sv\/wp-content\/uploads\/2024\/06\/3-200x300.jpg 200w\" sizes=\"auto, (max-width: 500px) 100vw, 500px\" \/><\/figure><div class=\"stk-container-padding stk-block-card__content\"><div class=\"stk-block-content stk-inner-blocks stk-295c105-inner-blocks\">\n<div class=\"wp-block-stackable-heading stk-block-heading stk-block-heading--v2 stk-block stk-01279af\" id=\"font-mstmutation-1-msttexthash-1232972-msthash-4563-transporte-intermodal-y-digitalizacion-aduanera-font\" data-block-id=\"01279af\"><style>.stk-01279af .stk-block-heading__text{color:#000000 !important}<\/style><h3 class=\"stk-block-heading__text has-text-color has-text-align-center\"><font _mstmutation=\"1\" _msttexthash=\"1232972\" _msthash=\"4563\">TRANSPORTE INTERMODAL Y DIGITALIZACI\u00d3N ADUANERA<\/font><\/h3><\/div>\n\n\n\n<div class=\"wp-block-stackable-text stk-block-text stk-block stk-3e5747b\" data-block-id=\"3e5747b\"><p class=\"stk-block-text__text has-text-align-justify\">El curso tiene como objetivo describir la funcionalidad de los Sistemas de Transporte Intermodal y su relaci\u00f3n con el mundo digital y los procesos administrativos en fronteras terrestres, mar\u00edtimas y a\u00e9reas, con un enfoque pr\u00e1ctico en aspectos operativos. Se analiza el modelo comercial de mover mercanc\u00edas grandes en contenedores de acero mediante m\u00faltiples modos de transporte, incluyendo carretera, ferrocarril, barco y aire. Adem\u00e1s, se estudian herramientas tecnol\u00f3gicas, an\u00e1lisis y problemas principales asociados con estos sistemas.<\/p><\/div>\n\n\n\n<div class=\"wp-block-stackable-button-group stk-block-button-group stk-block stk-d53cc2d\" data-block-id=\"d53cc2d\"><div class=\"stk-row stk-inner-blocks has-text-align-center stk-block-content stk-button-group\">\n<div class=\"wp-block-stackable-button stk-block-button stk-block stk-aefeb12\" data-block-id=\"aefeb12\"><a class=\"stk-link stk-button stk--hover-effect-darken\" href=\"https:\/\/learning.esai.sv\/\"><span class=\"stk-button__inner-text\">Comprar<\/span><\/a><\/div>\n<\/div><\/div>\n<\/div><\/div><\/div><\/div>\n<\/div><\/div><\/div>\n<\/div><\/div>\n\n\n\n<div class=\"wp-block-stackable-columns stk-block-columns stk-block stk-f90c29d\" data-block-id=\"f90c29d\"><div class=\"stk-row stk-inner-blocks has-text-align-left stk-block-content stk-content-align stk-f90c29d-column\">\n<div class=\"wp-block-stackable-column stk-block-column stk-column stk-block stk-95ffd02\" data-v=\"4\" data-block-id=\"95ffd02\"><style>.stk-95ffd02-container{margin-top:0px !important;margin-right:0px !important;margin-bottom:0px !important;margin-left:0px !important}.stk-95ffd02{box-shadow:0px 70px 90px -20px rgba(72,73,121,0.30) !important}<\/style><div class=\"stk-column-wrapper stk-block-column__content stk-container stk-95ffd02-container stk--no-background stk--no-padding\"><div class=\"stk-block-content stk-inner-blocks stk-95ffd02-inner-blocks\">\n<div class=\"wp-block-stackable-card aligncenter stk-block-card stk-block stk-ac2bc6e is-style-default\" data-v=\"2\" data-block-id=\"ac2bc6e\"><div class=\"stk--no-padding stk-container stk-ac2bc6e-container stk-hover-parent\"><figure class=\"stk-block-card__image stk-img-wrapper stk-image--shape-stretch\"><img loading=\"lazy\" decoding=\"async\" class=\"stk-img wp-image-349\" src=\"https:\/\/catero.esai.sv\/wp-content\/uploads\/2024\/06\/4.jpg\" width=\"500\" height=\"427\" srcset=\"https:\/\/catero.esai.sv\/wp-content\/uploads\/2024\/06\/4.jpg 500w, https:\/\/catero.esai.sv\/wp-content\/uploads\/2024\/06\/4-300x256.jpg 300w\" sizes=\"auto, (max-width: 500px) 100vw, 500px\" \/><\/figure><div class=\"stk-container-padding stk-block-card__content\"><div class=\"stk-block-content stk-inner-blocks stk-ac2bc6e-inner-blocks\">\n<div class=\"wp-block-stackable-heading stk-block-heading stk-block-heading--v2 stk-block stk-8d77614\" id=\"font-mstmutation-1-msttexthash-290758-msthash-4737-companias-naviera-font-s\" data-block-id=\"8d77614\"><style>.stk-8d77614 .stk-block-heading__text{color:#000000 !important}<\/style><h2 class=\"stk-block-heading__text has-text-color has-text-align-center\"><font _mstmutation=\"1\" _msttexthash=\"290758\" _msthash=\"4737\">COMPA\u00d1\u00cdAS NAVIERA<\/font>S<\/h2><\/div>\n\n\n\n<div class=\"wp-block-stackable-text stk-block-text stk-block stk-b84730d\" data-block-id=\"b84730d\"><p class=\"stk-block-text__text has-text-align-justify\">Las compa\u00f1\u00edas navieras representan la columna vertebral del comercio internacional, facilitando el transporte de bienes y mercanc\u00edas a trav\u00e9s de los oc\u00e9anos del mundo. En un mundo cada vez m\u00e1s interconectado, comprender el funcionamiento, las estrategias y los desaf\u00edos \u00fanicos que enfrentan estas empresas es fundamental para aquellos interesados en el mundo del comercio mar\u00edtimo y la log\u00edstica global.<\/p><\/div>\n\n\n\n<div class=\"wp-block-stackable-text stk-block-text stk-block stk-a87829a\" data-block-id=\"a87829a\"><p class=\"stk-block-text__text has-text-align-justify\">Nuestro curso de Compa\u00f1\u00edas Navieras est\u00e1 dise\u00f1ado para sumergir a los participantes en el emocionante y complejo mundo de la industria mar\u00edtima. Desde la historia y evoluci\u00f3n de la navegaci\u00f3n hasta las \u00faltimas tendencias en tecnolog\u00eda y sostenibilidad, exploraremos todos los aspectos clave que influyen en el \u00e9xito empresarial en este sector din\u00e1mico.<\/p><\/div>\n\n\n\n<div class=\"wp-block-stackable-button-group stk-block-button-group stk-block stk-383cf9c\" data-block-id=\"383cf9c\"><div class=\"stk-row stk-inner-blocks has-text-align-center stk-block-content stk-button-group\">\n<div class=\"wp-block-stackable-button stk-block-button stk-block stk-715da89\" data-block-id=\"715da89\"><a class=\"stk-link stk-button stk--hover-effect-darken\" href=\"https:\/\/learning.esai.sv\/\"><span class=\"stk-button__inner-text\">Comprar<\/span><\/a><\/div>\n<\/div><\/div>\n<\/div><\/div><\/div><\/div>\n<\/div><\/div><\/div>\n\n\n\n<div class=\"wp-block-stackable-column stk-block-column stk-column stk-block stk-1e7f737\" data-v=\"4\" data-block-id=\"1e7f737\"><div class=\"stk-column-wrapper stk-block-column__content stk-container stk-1e7f737-container stk--no-background stk--no-padding\"><div class=\"stk-block-content stk-inner-blocks stk-1e7f737-inner-blocks\"><\/div><\/div><\/div>\n\n\n\n<div class=\"wp-block-stackable-column stk-block-column stk-column stk-block stk-5eff703\" data-v=\"4\" data-block-id=\"5eff703\"><div class=\"stk-column-wrapper stk-block-column__content stk-container stk-5eff703-container stk--no-background stk--no-padding\"><div class=\"stk-block-content stk-inner-blocks stk-5eff703-inner-blocks\"><\/div><\/div><\/div>\n<\/div><\/div>\n<\/div><\/div><\/div>\n<\/div><\/div>\n","protected":false},"excerpt":{"rendered":"<p>Directorado de Log\u00edstica Categor\u00eda encargada de coordinar, orientar y controlar las actividades en materia de log\u00edstica, cadena de suministros, transporte &amp; tecnolog\u00eda. Adicionalmente, se encarga de distribuir contenido educativo &amp; tecnol\u00f3gico en materia de la planificaci\u00f3n de inversiones, gesti\u00f3n inmobiliaria, suministro &amp; mantenimiento de medios de movilidad, equipo especializado, desarrollo t\u00e9cnico, normalizaci\u00f3n &amp; regulaci\u00f3n, log\u00edstica [&hellip;]<\/p>\n","protected":false},"author":1,"featured_media":0,"parent":0,"menu_order":0,"comment_status":"closed","ping_status":"closed","template":"","meta":{"footnotes":""},"class_list":["post-107","page","type-page","status-publish","hentry"],"blocksy_meta":{"has_hero_section":"disabled","styles_descriptor":{"styles":{"desktop":"","tablet":"","mobile":""},"google_fonts":[],"version":6},"hero_margin":{"desktop":"176px","tablet":"176px","mobile":"176px"},"hero_alignment1":{"desktop":"left","tablet":"left","mobile":"left"},"vertical_spacing_source":"custom","content_area_spacing":"none"},"_links":{"self":[{"href":"https:\/\/catero.esai.sv\/index.php\/wp-json\/wp\/v2\/pages\/107","targetHints":{"allow":["GET"]}}],"collection":[{"href":"https:\/\/catero.esai.sv\/index.php\/wp-json\/wp\/v2\/pages"}],"about":[{"href":"https:\/\/catero.esai.sv\/index.php\/wp-json\/wp\/v2\/types\/page"}],"author":[{"embeddable":true,"href":"https:\/\/catero.esai.sv\/index.php\/wp-json\/wp\/v2\/users\/1"}],"replies":[{"embeddable":true,"href":"https:\/\/catero.esai.sv\/index.php\/wp-json\/wp\/v2\/comments?post=107"}],"version-history":[{"count":67,"href":"https:\/\/catero.esai.sv\/index.php\/wp-json\/wp\/v2\/pages\/107\/revisions"}],"predecessor-version":[{"id":466,"href":"https:\/\/catero.esai.sv\/index.php\/wp-json\/wp\/v2\/pages\/107\/revisions\/466"}],"wp:attachment":[{"href":"https:\/\/catero.esai.sv\/index.php\/wp-json\/wp\/v2\/media?parent=107"}],"curies":[{"name":"wp","href":"https:\/\/api.w.org\/{rel}","templated":true}]}}